{"id":1991,"date":"2024-06-24T18:09:10","date_gmt":"2024-06-24T16:09:10","guid":{"rendered":"https:\/\/molitormusicschool.hu\/?page_id=1991"},"modified":"2025-04-09T14:57:27","modified_gmt":"2025-04-09T12:57:27","slug":"hangerdei-alkototabor-zaro-koncert","status":"publish","type":"page","link":"https:\/\/molitormusicschool.hu\/en\/hangerdei-alkototabor-zaro-koncert\/","title":{"rendered":"Hangerdei Alkot\u00f3t\u00e1bor &#8211; Z\u00e1r\u00f3 koncert"},"content":{"rendered":"<div data-elementor-type=\"wp-page\" data-elementor-id=\"1991\" class=\"elementor elementor-1991\" data-elementor-post-type=\"page\">\n\t\t\t\t\t\t<section class=\"elementor-section elementor-top-section elementor-element elementor-element-68e6019 elementor-section-content-middle elementor-section-boxed elementor-section-height-default elementor-section-height-default\" data-id=\"68e6019\" data-element_type=\"section\" data-e-type=\"section\" data-settings=\"{&quot;shape_divider_bottom&quot;:&quot;mountains&quot;,&quot;background_background&quot;:&quot;classic&quot;}\">\n\t\t\t\t\t\t\t<div class=\"elementor-background-overlay\"><\/div>\n\t\t\t\t\t\t<div class=\"elementor-shape elementor-shape-bottom\" aria-hidden=\"true\" data-negative=\"false\">\n\t\t\t<svg xmlns=\"http:\/\/www.w3.org\/2000\/svg\" viewbox=\"0 0 1000 100\" preserveaspectratio=\"none\">\n\t<path class=\"elementor-shape-fill\" opacity=\"0.33\" d=\"M473,67.3c-203.9,88.3-263.1-34-320.3,0C66,119.1,0,59.7,0,59.7V0h1000v59.7 c0,0-62.1,26.1-94.9,29.3c-32.8,3.3-62.8-12.3-75.8-22.1C806,49.6,745.3,8.7,694.9,4.7S492.4,59,473,67.3z\"\/>\n\t<path class=\"elementor-shape-fill\" opacity=\"0.66\" d=\"M734,67.3c-45.5,0-77.2-23.2-129.1-39.1c-28.6-8.7-150.3-10.1-254,39.1 s-91.7-34.4-149.2,0C115.7,118.3,0,39.8,0,39.8V0h1000v36.5c0,0-28.2-18.5-92.1-18.5C810.2,18.1,775.7,67.3,734,67.3z\"\/>\n\t<path class=\"elementor-shape-fill\" d=\"M766.1,28.9c-200-57.5-266,65.5-395.1,19.5C242,1.8,242,5.4,184.8,20.6C128,35.8,132.3,44.9,89.9,52.5C28.6,63.7,0,0,0,0 h1000c0,0-9.9,40.9-83.6,48.1S829.6,47,766.1,28.9z\"\/>\n<\/svg>\t\t<\/div>\n\t\t\t\t\t<div class=\"elementor-container elementor-column-gap-default\">\n\t\t\t\t\t<div class=\"elementor-column elementor-col-100 elementor-top-column elementor-element elementor-element-b2d4e92\" data-id=\"b2d4e92\" data-element_type=\"column\" data-e-type=\"column\">\n\t\t\t<div class=\"elementor-widget-wrap elementor-element-populated\">\n\t\t\t\t\t\t<div class=\"elementor-element elementor-element-f530ddb elementor-widget elementor-widget-image\" data-id=\"f530ddb\" data-element_type=\"widget\" data-e-type=\"widget\" data-widget_type=\"image.default\">\n\t\t\t\t<div class=\"elementor-widget-container\">\n\t\t\t\t\t\t\t\t\t\t\t\t\t\t\t<img fetchpriority=\"high\" decoding=\"async\" width=\"724\" height=\"1024\" src=\"https:\/\/molitormusicschool.hu\/wp-content\/uploads\/2025\/04\/zaro_koncert-724x1024.jpg\" class=\"attachment-large size-large wp-image-3108\" alt=\"MMS Z\u00e1r\u00f3 koncert plak\u00e1t\" srcset=\"https:\/\/molitormusicschool.hu\/wp-content\/uploads\/2025\/04\/zaro_koncert-724x1024.jpg 724w, https:\/\/molitormusicschool.hu\/wp-content\/uploads\/2025\/04\/zaro_koncert-495x700.jpg 495w, https:\/\/molitormusicschool.hu\/wp-content\/uploads\/2025\/04\/zaro_koncert-768x1086.jpg 768w, https:\/\/molitormusicschool.hu\/wp-content\/uploads\/2025\/04\/zaro_koncert-1086x1536.jpg 1086w, https:\/\/molitormusicschool.hu\/wp-content\/uploads\/2025\/04\/zaro_koncert-1448x2048.jpg 1448w, https:\/\/molitormusicschool.hu\/wp-content\/uploads\/2025\/04\/zaro_koncert-8x12.jpg 8w, https:\/\/molitormusicschool.hu\/wp-content\/uploads\/2025\/04\/zaro_koncert.jpg 1587w\" sizes=\"(max-width: 724px) 100vw, 724px\" \/>\t\t\t\t\t\t\t\t\t\t\t\t\t\t\t<\/div>\n\t\t\t\t<\/div>\n\t\t\t\t\t<\/div>\n\t\t<\/div>\n\t\t\t\t\t<\/div>\n\t\t<\/section>\n\t\t\t\t<\/div>","protected":false},"excerpt":{"rendered":"","protected":false},"author":1,"featured_media":0,"parent":0,"menu_order":0,"comment_status":"closed","ping_status":"closed","template":"","meta":{"footnotes":""},"class_list":["post-1991","page","type-page","status-publish","hentry"],"yoast_head":"<!-- This site is optimized with the Yoast SEO plugin v26.2 - https:\/\/yoast.com\/wordpress\/plugins\/seo\/ -->\n<title>Hangerdei Alkot\u00f3t\u00e1bor - Z\u00e1r\u00f3 koncert - Molitor Music School<\/title>\n<meta name=\"robots\" content=\"index, follow, max-snippet:-1, max-image-preview:large, max-video-preview:-1\" \/>\n<link rel=\"canonical\" href=\"https:\/\/molitormusicschool.hu\/en\/hangerdei-alkototabor-zaro-koncert\/\" \/>\n<meta property=\"og:locale\" content=\"en_GB\" \/>\n<meta property=\"og:type\" content=\"article\" \/>\n<meta property=\"og:title\" content=\"Hangerdei Alkot\u00f3t\u00e1bor - Z\u00e1r\u00f3 koncert - Molitor Music School\" \/>\n<meta property=\"og:url\" content=\"https:\/\/molitormusicschool.hu\/en\/hangerdei-alkototabor-zaro-koncert\/\" \/>\n<meta property=\"og:site_name\" content=\"Molitor Music School\" \/>\n<meta property=\"article:publisher\" content=\"https:\/\/www.facebook.com\/groups\/541437979253461\" \/>\n<meta property=\"article:modified_time\" content=\"2025-04-09T12:57:27+00:00\" \/>\n<meta property=\"og:image\" content=\"https:\/\/molitormusicschool.hu\/wp-content\/uploads\/2025\/04\/zaro_koncert.jpg\" \/>\n\t<meta property=\"og:image:width\" content=\"1587\" \/>\n\t<meta property=\"og:image:height\" content=\"2245\" \/>\n\t<meta property=\"og:image:type\" content=\"image\/jpeg\" \/>\n<meta name=\"twitter:card\" content=\"summary_large_image\" \/>\n<meta name=\"twitter:label1\" content=\"Estimated reading time\" \/>\n\t<meta name=\"twitter:data1\" content=\"1 minute\" \/>\n<script type=\"application\/ld+json\" class=\"yoast-schema-graph\">{\"@context\":\"https:\/\/schema.org\",\"@graph\":[{\"@type\":\"WebPage\",\"@id\":\"https:\/\/molitormusicschool.hu\/hangerdei-alkototabor-zaro-koncert\/\",\"url\":\"https:\/\/molitormusicschool.hu\/hangerdei-alkototabor-zaro-koncert\/\",\"name\":\"Hangerdei Alkot\u00f3t\u00e1bor - Z\u00e1r\u00f3 koncert - Molitor Music School\",\"isPartOf\":{\"@id\":\"https:\/\/molitormusicschool.hu\/#website\"},\"primaryImageOfPage\":{\"@id\":\"https:\/\/molitormusicschool.hu\/hangerdei-alkototabor-zaro-koncert\/#primaryimage\"},\"image\":{\"@id\":\"https:\/\/molitormusicschool.hu\/hangerdei-alkototabor-zaro-koncert\/#primaryimage\"},\"thumbnailUrl\":\"https:\/\/molitormusicschool.hu\/wp-content\/uploads\/2025\/04\/zaro_koncert-724x1024.jpg\",\"datePublished\":\"2024-06-24T16:09:10+00:00\",\"dateModified\":\"2025-04-09T12:57:27+00:00\",\"breadcrumb\":{\"@id\":\"https:\/\/molitormusicschool.hu\/hangerdei-alkototabor-zaro-koncert\/#breadcrumb\"},\"inLanguage\":\"en-GB\",\"potentialAction\":[{\"@type\":\"ReadAction\",\"target\":[\"https:\/\/molitormusicschool.hu\/hangerdei-alkototabor-zaro-koncert\/\"]}]},{\"@type\":\"ImageObject\",\"inLanguage\":\"en-GB\",\"@id\":\"https:\/\/molitormusicschool.hu\/hangerdei-alkototabor-zaro-koncert\/#primaryimage\",\"url\":\"https:\/\/molitormusicschool.hu\/wp-content\/uploads\/2025\/04\/zaro_koncert-724x1024.jpg\",\"contentUrl\":\"https:\/\/molitormusicschool.hu\/wp-content\/uploads\/2025\/04\/zaro_koncert-724x1024.jpg\"},{\"@type\":\"BreadcrumbList\",\"@id\":\"https:\/\/molitormusicschool.hu\/hangerdei-alkototabor-zaro-koncert\/#breadcrumb\",\"itemListElement\":[{\"@type\":\"ListItem\",\"position\":1,\"name\":\"Kezd\u0151lap\",\"item\":\"https:\/\/molitormusicschool.hu\/\"},{\"@type\":\"ListItem\",\"position\":2,\"name\":\"Hangerdei Alkot\u00f3t\u00e1bor &#8211; Z\u00e1r\u00f3 koncert\"}]},{\"@type\":\"WebSite\",\"@id\":\"https:\/\/molitormusicschool.hu\/#website\",\"url\":\"https:\/\/molitormusicschool.hu\/\",\"name\":\"Molitor Music School\",\"description\":\"\",\"publisher\":{\"@id\":\"https:\/\/molitormusicschool.hu\/#organization\"},\"potentialAction\":[{\"@type\":\"SearchAction\",\"target\":{\"@type\":\"EntryPoint\",\"urlTemplate\":\"https:\/\/molitormusicschool.hu\/?s={search_term_string}\"},\"query-input\":{\"@type\":\"PropertyValueSpecification\",\"valueRequired\":true,\"valueName\":\"search_term_string\"}}],\"inLanguage\":\"en-GB\"},{\"@type\":\"Organization\",\"@id\":\"https:\/\/molitormusicschool.hu\/#organization\",\"name\":\"Molitor Music School K\u00f6zhaszn\u00fa Nonprofit Kft.\",\"url\":\"https:\/\/molitormusicschool.hu\/\",\"logo\":{\"@type\":\"ImageObject\",\"inLanguage\":\"en-GB\",\"@id\":\"https:\/\/molitormusicschool.hu\/#\/schema\/logo\/image\/\",\"url\":\"https:\/\/molitormusicschool.hu\/wp-content\/uploads\/2023\/01\/logo-feher.png\",\"contentUrl\":\"https:\/\/molitormusicschool.hu\/wp-content\/uploads\/2023\/01\/logo-feher.png\",\"width\":400,\"height\":184,\"caption\":\"Molitor Music School K\u00f6zhaszn\u00fa Nonprofit Kft.\"},\"image\":{\"@id\":\"https:\/\/molitormusicschool.hu\/#\/schema\/logo\/image\/\"},\"sameAs\":[\"https:\/\/www.facebook.com\/groups\/541437979253461\",\"https:\/\/www.youtube.com\/playlist?list=PLdzTrYmjJtrECyQAHnw-JG4l5ZYOqX0nM\"]}]}<\/script>\n<!-- \/ Yoast SEO plugin. -->","yoast_head_json":{"title":"Hangerdei Alkot\u00f3t\u00e1bor - Z\u00e1r\u00f3 koncert - Molitor Music School","robots":{"index":"index","follow":"follow","max-snippet":"max-snippet:-1","max-image-preview":"max-image-preview:large","max-video-preview":"max-video-preview:-1"},"canonical":"https:\/\/molitormusicschool.hu\/en\/hangerdei-alkototabor-zaro-koncert\/","og_locale":"en_GB","og_type":"article","og_title":"Hangerdei Alkot\u00f3t\u00e1bor - Z\u00e1r\u00f3 koncert - Molitor Music School","og_url":"https:\/\/molitormusicschool.hu\/en\/hangerdei-alkototabor-zaro-koncert\/","og_site_name":"Molitor Music School","article_publisher":"https:\/\/www.facebook.com\/groups\/541437979253461","article_modified_time":"2025-04-09T12:57:27+00:00","og_image":[{"width":1587,"height":2245,"url":"https:\/\/molitormusicschool.hu\/wp-content\/uploads\/2025\/04\/zaro_koncert.jpg","type":"image\/jpeg"}],"twitter_card":"summary_large_image","twitter_misc":{"Estimated reading time":"1 minute"},"schema":{"@context":"https:\/\/schema.org","@graph":[{"@type":"WebPage","@id":"https:\/\/molitormusicschool.hu\/hangerdei-alkototabor-zaro-koncert\/","url":"https:\/\/molitormusicschool.hu\/hangerdei-alkototabor-zaro-koncert\/","name":"Hangerdei Alkot\u00f3t\u00e1bor - Z\u00e1r\u00f3 koncert - Molitor Music School","isPartOf":{"@id":"https:\/\/molitormusicschool.hu\/#website"},"primaryImageOfPage":{"@id":"https:\/\/molitormusicschool.hu\/hangerdei-alkototabor-zaro-koncert\/#primaryimage"},"image":{"@id":"https:\/\/molitormusicschool.hu\/hangerdei-alkototabor-zaro-koncert\/#primaryimage"},"thumbnailUrl":"https:\/\/molitormusicschool.hu\/wp-content\/uploads\/2025\/04\/zaro_koncert-724x1024.jpg","datePublished":"2024-06-24T16:09:10+00:00","dateModified":"2025-04-09T12:57:27+00:00","breadcrumb":{"@id":"https:\/\/molitormusicschool.hu\/hangerdei-alkototabor-zaro-koncert\/#breadcrumb"},"inLanguage":"en-GB","potentialAction":[{"@type":"ReadAction","target":["https:\/\/molitormusicschool.hu\/hangerdei-alkototabor-zaro-koncert\/"]}]},{"@type":"ImageObject","inLanguage":"en-GB","@id":"https:\/\/molitormusicschool.hu\/hangerdei-alkototabor-zaro-koncert\/#primaryimage","url":"https:\/\/molitormusicschool.hu\/wp-content\/uploads\/2025\/04\/zaro_koncert-724x1024.jpg","contentUrl":"https:\/\/molitormusicschool.hu\/wp-content\/uploads\/2025\/04\/zaro_koncert-724x1024.jpg"},{"@type":"BreadcrumbList","@id":"https:\/\/molitormusicschool.hu\/hangerdei-alkototabor-zaro-koncert\/#breadcrumb","itemListElement":[{"@type":"ListItem","position":1,"name":"Kezd\u0151lap","item":"https:\/\/molitormusicschool.hu\/"},{"@type":"ListItem","position":2,"name":"Hangerdei Alkot\u00f3t\u00e1bor &#8211; Z\u00e1r\u00f3 koncert"}]},{"@type":"WebSite","@id":"https:\/\/molitormusicschool.hu\/#website","url":"https:\/\/molitormusicschool.hu\/","name":"Molitor Music School","description":"","publisher":{"@id":"https:\/\/molitormusicschool.hu\/#organization"},"potentialAction":[{"@type":"SearchAction","target":{"@type":"EntryPoint","urlTemplate":"https:\/\/molitormusicschool.hu\/?s={search_term_string}"},"query-input":{"@type":"PropertyValueSpecification","valueRequired":true,"valueName":"search_term_string"}}],"inLanguage":"en-GB"},{"@type":"Organization","@id":"https:\/\/molitormusicschool.hu\/#organization","name":"Molitor Music School K\u00f6zhaszn\u00fa Nonprofit Kft.","url":"https:\/\/molitormusicschool.hu\/","logo":{"@type":"ImageObject","inLanguage":"en-GB","@id":"https:\/\/molitormusicschool.hu\/#\/schema\/logo\/image\/","url":"https:\/\/molitormusicschool.hu\/wp-content\/uploads\/2023\/01\/logo-feher.png","contentUrl":"https:\/\/molitormusicschool.hu\/wp-content\/uploads\/2023\/01\/logo-feher.png","width":400,"height":184,"caption":"Molitor Music School K\u00f6zhaszn\u00fa Nonprofit Kft."},"image":{"@id":"https:\/\/molitormusicschool.hu\/#\/schema\/logo\/image\/"},"sameAs":["https:\/\/www.facebook.com\/groups\/541437979253461","https:\/\/www.youtube.com\/playlist?list=PLdzTrYmjJtrECyQAHnw-JG4l5ZYOqX0nM"]}]}},"_links":{"self":[{"href":"https:\/\/molitormusicschool.hu\/en\/wp-json\/wp\/v2\/pages\/1991","targetHints":{"allow":["GET"]}}],"collection":[{"href":"https:\/\/molitormusicschool.hu\/en\/wp-json\/wp\/v2\/pages"}],"about":[{"href":"https:\/\/molitormusicschool.hu\/en\/wp-json\/wp\/v2\/types\/page"}],"author":[{"embeddable":true,"href":"https:\/\/molitormusicschool.hu\/en\/wp-json\/wp\/v2\/users\/1"}],"replies":[{"embeddable":true,"href":"https:\/\/molitormusicschool.hu\/en\/wp-json\/wp\/v2\/comments?post=1991"}],"version-history":[{"count":7,"href":"https:\/\/molitormusicschool.hu\/en\/wp-json\/wp\/v2\/pages\/1991\/revisions"}],"predecessor-version":[{"id":3111,"href":"https:\/\/molitormusicschool.hu\/en\/wp-json\/wp\/v2\/pages\/1991\/revisions\/3111"}],"wp:attachment":[{"href":"https:\/\/molitormusicschool.hu\/en\/wp-json\/wp\/v2\/media?parent=1991"}],"curies":[{"name":"wp","href":"https:\/\/api.w.org\/{rel}","templated":true}]}}