{"id":21,"date":"2023-01-22T12:47:14","date_gmt":"2023-01-22T11:47:14","guid":{"rendered":"https:\/\/molitormusicschool.hu\/?page_id=21"},"modified":"2025-07-05T13:22:42","modified_gmt":"2025-07-05T11:22:42","slug":"our-events","status":"publish","type":"page","link":"https:\/\/molitormusicschool.hu\/en\/our-events\/","title":{"rendered":"Our events"},"content":{"rendered":"<div data-elementor-type=\"wp-page\" data-elementor-id=\"21\" class=\"elementor elementor-21\" data-elementor-post-type=\"page\">\n\t\t\t\t\t\t<section class=\"elementor-section elementor-top-section elementor-element elementor-element-2d7177b elementor-section-height-min-height elementor-section-boxed elementor-section-height-default elementor-section-items-middle\" data-id=\"2d7177b\" data-element_type=\"section\" data-e-type=\"section\" data-settings=\"{&quot;background_background&quot;:&quot;classic&quot;,&quot;shape_divider_bottom&quot;:&quot;mountains&quot;}\">\n\t\t\t\t\t\t\t<div class=\"elementor-background-overlay\"><\/div>\n\t\t\t\t\t\t<div class=\"elementor-shape elementor-shape-bottom\" aria-hidden=\"true\" data-negative=\"false\">\n\t\t\t<svg xmlns=\"http:\/\/www.w3.org\/2000\/svg\" viewbox=\"0 0 1000 100\" preserveaspectratio=\"none\">\n\t<path class=\"elementor-shape-fill\" opacity=\"0.33\" d=\"M473,67.3c-203.9,88.3-263.1-34-320.3,0C66,119.1,0,59.7,0,59.7V0h1000v59.7 c0,0-62.1,26.1-94.9,29.3c-32.8,3.3-62.8-12.3-75.8-22.1C806,49.6,745.3,8.7,694.9,4.7S492.4,59,473,67.3z\"\/>\n\t<path class=\"elementor-shape-fill\" opacity=\"0.66\" d=\"M734,67.3c-45.5,0-77.2-23.2-129.1-39.1c-28.6-8.7-150.3-10.1-254,39.1 s-91.7-34.4-149.2,0C115.7,118.3,0,39.8,0,39.8V0h1000v36.5c0,0-28.2-18.5-92.1-18.5C810.2,18.1,775.7,67.3,734,67.3z\"\/>\n\t<path class=\"elementor-shape-fill\" d=\"M766.1,28.9c-200-57.5-266,65.5-395.1,19.5C242,1.8,242,5.4,184.8,20.6C128,35.8,132.3,44.9,89.9,52.5C28.6,63.7,0,0,0,0 h1000c0,0-9.9,40.9-83.6,48.1S829.6,47,766.1,28.9z\"\/>\n<\/svg>\t\t<\/div>\n\t\t\t\t\t<div class=\"elementor-container elementor-column-gap-default\">\n\t\t\t\t\t<div class=\"elementor-column elementor-col-100 elementor-top-column elementor-element elementor-element-6847cc0\" data-id=\"6847cc0\" data-element_type=\"column\" data-e-type=\"column\">\n\t\t\t<div class=\"elementor-widget-wrap\">\n\t\t\t\t\t\t\t<\/div>\n\t\t<\/div>\n\t\t\t\t\t<\/div>\n\t\t<\/section>\n\t\t\t\t<section class=\"elementor-section elementor-top-section elementor-element elementor-element-f8fbe5c elementor-section-boxed elementor-section-height-default elementor-section-height-default\" data-id=\"f8fbe5c\" data-element_type=\"section\" data-e-type=\"section\" data-settings=\"{&quot;background_background&quot;:&quot;classic&quot;}\">\n\t\t\t\t\t\t<div class=\"elementor-container elementor-column-gap-default\">\n\t\t\t\t\t<div class=\"elementor-column elementor-col-100 elementor-top-column elementor-element elementor-element-8926d90\" data-id=\"8926d90\" data-element_type=\"column\" data-e-type=\"column\" data-settings=\"{&quot;background_background&quot;:&quot;classic&quot;}\">\n\t\t\t<div class=\"elementor-widget-wrap elementor-element-populated\">\n\t\t\t\t\t\t<div class=\"elementor-element elementor-element-1d4bb2d elementor-widget elementor-widget-heading\" data-id=\"1d4bb2d\" data-element_type=\"widget\" data-e-type=\"widget\" data-widget_type=\"heading.default\">\n\t\t\t\t<div class=\"elementor-widget-container\">\n\t\t\t\t\t<h2 class=\"elementor-heading-title elementor-size-default\">Our events<\/h2>\t\t\t\t<\/div>\n\t\t\t\t<\/div>\n\t\t\t\t<div class=\"elementor-element elementor-element-2972a77 elementor-widget-divider--view-line elementor-widget elementor-widget-divider\" data-id=\"2972a77\" data-element_type=\"widget\" data-e-type=\"widget\" data-widget_type=\"divider.default\">\n\t\t\t\t<div class=\"elementor-widget-container\">\n\t\t\t\t\t\t\t<div class=\"elementor-divider\">\n\t\t\t<span class=\"elementor-divider-separator\">\n\t\t\t\t\t\t<\/span>\n\t\t<\/div>\n\t\t\t\t\t\t<\/div>\n\t\t\t\t<\/div>\n\t\t\t\t<div class=\"elementor-element elementor-element-d9baf1a elementor-widget elementor-widget-text-editor\" data-id=\"d9baf1a\" data-element_type=\"widget\" data-e-type=\"widget\" data-widget_type=\"text-editor.default\">\n\t\t\t\t<div class=\"elementor-widget-container\">\n\t\t\t\t\t\t\t\t\t<p><strong>Esem\u00e9nyeink 2025-ben<\/strong><\/p>\t\t\t\t\t\t\t\t<\/div>\n\t\t\t\t<\/div>\n\t\t\t\t<div class=\"elementor-element elementor-element-7fe4d3e elementor-widget elementor-widget-text-editor\" data-id=\"7fe4d3e\" data-element_type=\"widget\" data-e-type=\"widget\" data-widget_type=\"text-editor.default\">\n\t\t\t\t<div class=\"elementor-widget-container\">\n\t\t\t\t\t\t\t\t\t<p><strong>T\u00e1bori z\u00e1r\u00f3 koncert<\/strong> <span style=\"background-color: var( --e-global-color-39ca42d ); color: var( --e-global-color-text );\">\u2013<\/span> 2025. j\u00falius 12. 14:30 <span style=\"background-color: var( --e-global-color-39ca42d ); color: var( --e-global-color-text );\">\u2013<\/span>\u00a0 Fony\u00f3d-B\u00e9latelep<\/p><p style=\"padding-left: 40px;\"><a href=\"https:\/\/molitormusicschool.hu\/en\/2025-tabori-zaro-koncert\/\">B\u0151vebb inform\u00e1ci\u00f3<\/a><\/p><p><strong>Ny\u00e1ri Hangerdei\u00a0 Alkot\u00f3t\u00e1bor <\/strong><span style=\"background-color: var( --e-global-color-39ca42d ); color: var( --e-global-color-text );\">\u2013<\/span> 2025. j\u00falius 7-12.<span style=\"background-color: var( --e-global-color-39ca42d ); color: var( --e-global-color-text );\">\u2013 Fony\u00f3d &#8211; B\u00e9latelep<\/span><\/p><p style=\"padding-left: 40px;\"><a href=\"https:\/\/docs.google.com\/forms\/d\/e\/1FAIpQLSc5R-7kV_FIlb3_LRjzYmEbrWZjslJ0pNDvUwfiYqqyF_7khA\/viewform\">B\u0151vebb inform\u00e1ci\u00f3 \u00e9s jelenkez\u00e9s<\/a><\/p>\t\t\t\t\t\t\t\t<\/div>\n\t\t\t\t<\/div>\n\t\t\t\t<div class=\"elementor-element elementor-element-2e07a75 elementor-widget elementor-widget-text-editor\" data-id=\"2e07a75\" data-element_type=\"widget\" data-e-type=\"widget\" data-widget_type=\"text-editor.default\">\n\t\t\t\t<div class=\"elementor-widget-container\">\n\t\t\t\t\t\t\t\t\t<p><strong>2024<\/strong><\/p>\t\t\t\t\t\t\t\t<\/div>\n\t\t\t\t<\/div>\n\t\t\t\t<div class=\"elementor-element elementor-element-64ebfa1 elementor-widget elementor-widget-text-editor\" data-id=\"64ebfa1\" data-element_type=\"widget\" data-e-type=\"widget\" data-widget_type=\"text-editor.default\">\n\t\t\t\t<div class=\"elementor-widget-container\">\n\t\t\t\t\t\t\t\t\t<p><strong>Workshop hangszeresek r\u00e9sz\u00e9re m\u0171v\u00e9sztan\u00e1rokkal\u00a0<\/strong><span style=\"background-color: var( --e-global-color-39ca42d ); color: var( --e-global-color-text );\">\u2013<\/span> 2024. \u00e1prilis 27.\u00a0<\/p><p style=\"padding-left: 40px;\">A workshop oktat\u00e1si k\u00f6lts\u00e9geit az MMs v\u00e1llalja.<\/p><p><strong>Ipoly fesztiv\u00e1lt el\u0151k\u00e9sz\u00edt\u0151 workshop m\u0171v\u00e9sztan\u00e1rok k\u00f6zrem\u0171k\u00f6d\u00e9s\u00e9vel\u00a0<\/strong><span style=\"background-color: var( --e-global-color-39ca42d ); color: var( --e-global-color-text );\">\u2013<\/span> 2024. m\u00e1jus 1.<\/p><p style=\"padding-left: 40px;\">Az oktat\u00e1s \u00e9s workshop d\u00edj\u00e1t az MMS t\u00e1mogatja minden r\u00e9sztvev\u0151 sz\u00e1m\u00e1ra.<\/p><p><strong>Kemence workshop \u00e9s fesztiv\u00e1l <\/strong><span style=\"background-color: var( --e-global-color-39ca42d ); color: var( --e-global-color-text );\">\u2013<\/span> 2024. j\u00fanius 15-16. <span style=\"background-color: var( --e-global-color-39ca42d ); color: var( --e-global-color-text );\">\u2013 Kemence<\/span><\/p><p><strong>Ipoly Feszt \u2013 Hangerdei Alkot\u00f3t\u00e1bor fell\u00e9p\u00e9se \u2013<\/strong> 2024. j\u00fanius 16. \u2013 Kemence<\/p><p style=\"padding-left: 40px;\"><a href=\"https:\/\/molitormusicschool.hu\/en\/ipoly-feszt\/\">B\u0151vebb inform\u00e1ci\u00f3<\/a><\/p><p><strong>Ny\u00e1ri Hangerdei\u00a0 Alkot\u00f3t\u00e1bor <\/strong><span style=\"background-color: var( --e-global-color-39ca42d ); color: var( --e-global-color-text );\">\u2013<\/span> 2024. j\u00falius 1-6. <span style=\"background-color: var( --e-global-color-39ca42d ); color: var( --e-global-color-text );\">\u2013 Fony\u00f3d &#8211; B\u00e9latelep<\/span><\/p><p><strong>Ny\u00e1ri Hangerdei\u00a0 Alkot\u00f3t\u00e1bor &#8211; Z\u00e1r\u00f3 koncert <\/strong><span style=\"background-color: var( --e-global-color-39ca42d ); color: var( --e-global-color-text );\">\u2013<\/span> 2024. j\u00falius 6. 18:00 <span style=\"background-color: var( --e-global-color-39ca42d ); color: var( --e-global-color-text );\">\u2013 Panor\u00e1ma \u00c9tterem ( <span class=\"OYPEnA text-decoration-none text-strikethrough-none\">8640, Fony\u00f3d, Kossuth erd\u0151, Bart\u00f3k B. u.)<br \/><\/span><\/span><\/p><p style=\"padding-left: 40px;\"><span style=\"background-color: var( --e-global-color-39ca42d ); color: var( --e-global-color-text );\"><span class=\"OYPEnA text-decoration-none text-strikethrough-none\">Helysz\u00ednv\u00e1ltoz\u00e1s: Fony\u00f3di Sportcsarnok<\/span><\/span><\/p><p style=\"padding-left: 40px;\"><a href=\"https:\/\/molitormusicschool.hu\/en\/hangerdei-alkototabor-zaro-koncert\/\">B\u0151vebb inform\u00e1ci\u00f3<\/a><\/p><p><strong>\u0150szi adventi koncertre felk\u00e9sz\u00edt\u0151 workshop <\/strong>\u2013 2024. okt\u00f3ber 5-6. \u2013 B\u00e9latelep<\/p><p><strong>Advent Concert Preparation Workshop\u00a0<\/strong>\u2013 <span class=\"OYPEnA font-feature-liga-off font-feature-clig-off font-feature-calt-off text-decoration-none text-strikethrough-none\">October 12, 2024. Saturday  9:30-17:30 and December 15 Sunday 10:00-16:00.<\/span> \u2013 American International School of Budapest, Nagykov\u00e1csi<\/p><p><strong>Advent Concert\u00a0<\/strong>\u2013 <span class=\"OYPEnA font-feature-liga-off font-feature-clig-off font-feature-calt-off text-decoration-none text-strikethrough-none\">2024. december 15. 16:00<\/span> \u2013 American International School of Budapest, Nagykov\u00e1csi<\/p>\t\t\t\t\t\t\t\t<\/div>\n\t\t\t\t<\/div>\n\t\t\t\t<div class=\"elementor-element elementor-element-18f3245 elementor-widget elementor-widget-text-editor\" data-id=\"18f3245\" data-element_type=\"widget\" data-e-type=\"widget\" data-widget_type=\"text-editor.default\">\n\t\t\t\t<div class=\"elementor-widget-container\">\n\t\t\t\t\t\t\t\t\t<p><strong>2023<\/strong><\/p>\t\t\t\t\t\t\t\t<\/div>\n\t\t\t\t<\/div>\n\t\t\t\t<div class=\"elementor-element elementor-element-f012b89 elementor-widget elementor-widget-text-editor\" data-id=\"f012b89\" data-element_type=\"widget\" data-e-type=\"widget\" data-widget_type=\"text-editor.default\">\n\t\t\t\t<div class=\"elementor-widget-container\">\n\t\t\t\t\t\t\t\t\t<p><strong>Advent Concert Preparation Workshop <\/strong><span style=\"background-color: var( --e-global-color-39ca42d ); color: var( --e-global-color-text );\">\u2013<\/span> October 21-22 and December 9-10, 2023 <span style=\"background-color: var( --e-global-color-39ca42d ); color: var( --e-global-color-text );\">\u2013 American International School of Budapest, Nagykov\u00e1csi<br \/><\/span><\/p><p><strong>Advent Concert <\/strong><span style=\"background-color: var( --e-global-color-39ca42d ); color: var( --e-global-color-text );\">December 10, 2023, at 5:00PM \u2013 American International School of Budapest, Nagykov\u00e1csi<\/span><\/p><p><strong>Closing concert of the summer Sound Forest Creative Camp<\/strong>\u00a0\u2013 15.07.2023. \u2013 Dunapataj<\/p><p><strong>Summer Sound Forest Creative Camp <\/strong>\u2013 2023.07.10-16. \u2013 Dunapataj, Szepi \u00fcd\u00fcl\u0151<\/p><p><strong>Spring Workshop at Lake Balaton\u00a0<\/strong>\u2013 29.04.2023. - 01.05.2023. \u2013 Fony\u00f3d<\/p><p><strong>Family Day <\/strong><span style=\"background-color: var( --e-global-color-39ca42d ); color: var( --e-global-color-text );\">\u2013<\/span><span style=\"background-color: var( --e-global-color-39ca42d ); color: var( --e-global-color-text );\">\u00a0<\/span><span style=\"background-color: var( --e-global-color-39ca42d ); color: var( --e-global-color-text );\">22.04.2023. \u2013 G\u00f6di N\u00e9meth L\u00e1szl\u00f3 \u00c1ltal\u00e1nos Iskola \u00e9s Alapfok\u00fa M\u0171v\u00e9szeti Iskola - 11:50-12:50 \"Family Day\" with the campers of the Sound Forest Creative Camp<\/span><\/p>\t\t\t\t\t\t\t\t<\/div>\n\t\t\t\t<\/div>\n\t\t\t\t<div class=\"elementor-element elementor-element-9e06b06 elementor-widget elementor-widget-text-editor\" data-id=\"9e06b06\" data-element_type=\"widget\" data-e-type=\"widget\" data-widget_type=\"text-editor.default\">\n\t\t\t\t<div class=\"elementor-widget-container\">\n\t\t\t\t\t\t\t\t\t<p><strong>2022<\/strong><\/p>\t\t\t\t\t\t\t\t<\/div>\n\t\t\t\t<\/div>\n\t\t\t\t<div class=\"elementor-element elementor-element-943734c elementor-widget elementor-widget-text-editor\" data-id=\"943734c\" data-element_type=\"widget\" data-e-type=\"widget\" data-widget_type=\"text-editor.default\">\n\t\t\t\t<div class=\"elementor-widget-container\">\n\t\t\t\t\t\t\t\t\t<p><strong>Advent Concert<\/strong> \u2013 08.12.2022 - Szent L\u00e1szl\u00f3 K\u00f6z\u00f6ss\u00e9gi H\u00e1z, Budapest Szabads\u00e1ghegy<\/p><p><strong>Autumn Sound Forest Creativity and Concert Preparation Workshop 2<\/strong> <span style=\"background-color: var( --e-global-color-39ca42d ); color: var( --e-global-color-text );\">\u2013<\/span><span style=\"background-color: var( --e-global-color-39ca42d ); color: var( --e-global-color-text );\">\u00a008.10.2022 \u2013 IBS Sz\u00ednpad<\/span><\/p><p><strong>Autumn Sound Forest Creative and Concert Preparation Workshop 1\u00a0<\/strong><span style=\"background-color: var( --e-global-color-39ca42d ); color: var( --e-global-color-text );\">\u2013<\/span><span style=\"background-color: var( --e-global-color-39ca42d ); color: var( --e-global-color-text );\">\u00a001.10.2022 - Szent L\u00e1szl\u00f3 K\u00f6z\u00f6ss\u00e9gi H\u00e1z, Budapest Szabads\u00e1ghegy<\/span><\/p><p><strong>Summer Sound Forest Creative Camp<\/strong> \u2013 03-09.07.2022 \u2013 Fony\u00f3d<\/p><p><strong>Pentecost Festival, public concert of the Sound Forest Creative Camp<\/strong> \u2013 05.06.2022 \u2013 Fony\u00f3d, D\u00edsz t\u00e9r<\/p><p><strong>Spring Sound Forest Creativity and Concert Preparation Workshop 2<\/strong>\u2013 21.-22.05.2022 \u2013 Piliscs\u00e9v<\/p><p><strong>Spring Sound Forest musical trip<\/strong> \u2013 2022.05.08 \u2013 Normafa<\/p><p><strong>Spring Sound Forest Creative and Concert Preparation Workshop 1.<\/strong> \u2013 26-27.03.2022 \u2013 IBS Sz\u00ednpad<\/p>\t\t\t\t\t\t\t\t<\/div>\n\t\t\t\t<\/div>\n\t\t\t\t<div class=\"elementor-element elementor-element-9b4e556 elementor-widget elementor-widget-text-editor\" data-id=\"9b4e556\" data-element_type=\"widget\" data-e-type=\"widget\" data-widget_type=\"text-editor.default\">\n\t\t\t\t<div class=\"elementor-widget-container\">\n\t\t\t\t\t\t\t\t\t<p><strong>2021<\/strong><\/p>\t\t\t\t\t\t\t\t<\/div>\n\t\t\t\t<\/div>\n\t\t\t\t<div class=\"elementor-element elementor-element-68c4272 elementor-widget elementor-widget-text-editor\" data-id=\"68c4272\" data-element_type=\"widget\" data-e-type=\"widget\" data-widget_type=\"text-editor.default\">\n\t\t\t\t<div class=\"elementor-widget-container\">\n\t\t\t\t\t\t\t\t\t<p><strong>Advent Concert G\u00f6d<\/strong> \u2013 December 2021<\/p><p><strong>Winter Sound Forest Creative and Advent Preparation Workshop<\/strong> \u2013 20-21.11.2021 \u2013 Tahit\u00f3tfalu<\/p><p><b>Pumpkin Festival <\/b>\u2013 Fony\u00f3d \u2013 09.10.2021<\/p><p><b>Autumn Sound Forest Creative<\/b> <strong>and<\/strong><b> Preparation Workshop<\/b> \u2013 17-19.09.2021 was held in Le\u00e1nyfalu, where the children prepared for the autumn concerts.<\/p><p><b>Concert in G\u00f6d<\/b> \u2013 20.08.2021\u00a0<\/p><p><b>Trilla Festival in Eger<\/b>, the competition of live music - took place in Eger between 12-13.07.2021, where the MMS choir and orchestra and the young solo singers Eszter Erd\u00e9lyi and Bor\u00f3ka Sz\u00f6ll\u0151ssy from G\u00f6d participated in a live music competition with four independent songs. The judges invited one of the performances to the gala evening, while the other soloist and the MMS were awarded a special prize.<\/p><p><b>Summer Sound Forest Creative Camp<\/b> \u2013 held between 28.06.2021-03.07.2021 in Fony\u00f3d, where 41 young people participated, exceeding all expectations. The public closing concert was held in the M\u0171vel\u0151d\u00e9sih\u00e1z of Fony\u00f3d.\u00a0<\/p><p><b>Spring market concert in G\u00f6d<\/b> \u2013 on 29.05.2021, the MMS choir and orchestra gave a one-hour concert for the public on the first day of the market after the lifting of the COVID restrictions in the area of the Kincsem Park in G\u00f6d<\/p><p><b>Spring Sound Forest Workshop<\/b> \u2013 held from 22-24.05.2021 in Tahit\u00f3tfalu, with the participation of 30 young people<\/p>\t\t\t\t\t\t\t\t<\/div>\n\t\t\t\t<\/div>\n\t\t\t\t\t<\/div>\n\t\t<\/div>\n\t\t\t\t\t<\/div>\n\t\t<\/section>\n\t\t\t\t<\/div>","protected":false},"excerpt":{"rendered":"<p>Rendezv\u00e9nyeink Esem\u00e9nyeink 2025-ben T\u00e1bori z\u00e1r\u00f3 koncert \u2013 2025. j\u00falius 12. 14:30 \u2013\u00a0 Fony\u00f3d-B\u00e9latelep B\u0151vebb inform\u00e1ci\u00f3 Ny\u00e1ri Hangerdei\u00a0 Alkot\u00f3t\u00e1bor \u2013 2025. j\u00falius 7-12.\u2013 Fony\u00f3d &#8211; B\u00e9latelep B\u0151vebb inform\u00e1ci\u00f3 \u00e9s jelenkez\u00e9s 2024 Workshop hangszeresek r\u00e9sz\u00e9re m\u0171v\u00e9sztan\u00e1rokkal\u00a0\u2013 2024. \u00e1prilis 27.\u00a0 A workshop oktat\u00e1si k\u00f6lts\u00e9geit az MMs v\u00e1llalja. Ipoly fesztiv\u00e1lt el\u0151k\u00e9sz\u00edt\u0151 workshop m\u0171v\u00e9sztan\u00e1rok k\u00f6zrem\u0171k\u00f6d\u00e9s\u00e9vel\u00a0\u2013 2024. m\u00e1jus 1. Az oktat\u00e1s [&hellip;]<\/p>","protected":false},"author":1,"featured_media":0,"parent":0,"menu_order":0,"comment_status":"closed","ping_status":"closed","template":"","meta":{"footnotes":""},"class_list":["post-21","page","type-page","status-publish","hentry"],"yoast_head":"<!-- This site is optimized with the Yoast SEO plugin v26.2 - https:\/\/yoast.com\/wordpress\/plugins\/seo\/ -->\n<title>Rendezv\u00e9nyeink - Molitor Music School<\/title>\n<meta name=\"robots\" content=\"index, follow, max-snippet:-1, max-image-preview:large, max-video-preview:-1\" \/>\n<link rel=\"canonical\" href=\"https:\/\/molitormusicschool.hu\/en\/our-events\/\" \/>\n<meta property=\"og:locale\" content=\"en_GB\" \/>\n<meta property=\"og:type\" content=\"article\" \/>\n<meta property=\"og:title\" content=\"Rendezv\u00e9nyeink - Molitor Music School\" \/>\n<meta property=\"og:description\" content=\"Rendezv\u00e9nyeink Esem\u00e9nyeink 2025-ben T\u00e1bori z\u00e1r\u00f3 koncert \u2013 2025. j\u00falius 12. 14:30 \u2013\u00a0 Fony\u00f3d-B\u00e9latelep B\u0151vebb inform\u00e1ci\u00f3 Ny\u00e1ri Hangerdei\u00a0 Alkot\u00f3t\u00e1bor \u2013 2025. j\u00falius 7-12.\u2013 Fony\u00f3d &#8211; B\u00e9latelep B\u0151vebb inform\u00e1ci\u00f3 \u00e9s jelenkez\u00e9s 2024 Workshop hangszeresek r\u00e9sz\u00e9re m\u0171v\u00e9sztan\u00e1rokkal\u00a0\u2013 2024. \u00e1prilis 27.\u00a0 A workshop oktat\u00e1si k\u00f6lts\u00e9geit az MMs v\u00e1llalja. Ipoly fesztiv\u00e1lt el\u0151k\u00e9sz\u00edt\u0151 workshop m\u0171v\u00e9sztan\u00e1rok k\u00f6zrem\u0171k\u00f6d\u00e9s\u00e9vel\u00a0\u2013 2024. m\u00e1jus 1. Az oktat\u00e1s [&hellip;]\" \/>\n<meta property=\"og:url\" content=\"https:\/\/molitormusicschool.hu\/en\/our-events\/\" \/>\n<meta property=\"og:site_name\" content=\"Molitor Music School\" \/>\n<meta property=\"article:publisher\" content=\"https:\/\/www.facebook.com\/groups\/541437979253461\" \/>\n<meta property=\"article:modified_time\" content=\"2025-07-05T11:22:42+00:00\" \/>\n<meta name=\"twitter:card\" content=\"summary_large_image\" \/>\n<meta name=\"twitter:label1\" content=\"Estimated reading time\" \/>\n\t<meta name=\"twitter:data1\" content=\"3 minutes\" \/>\n<script type=\"application\/ld+json\" class=\"yoast-schema-graph\">{\"@context\":\"https:\/\/schema.org\",\"@graph\":[{\"@type\":\"WebPage\",\"@id\":\"https:\/\/molitormusicschool.hu\/rendezvenyeink\/\",\"url\":\"https:\/\/molitormusicschool.hu\/rendezvenyeink\/\",\"name\":\"Rendezv\u00e9nyeink - Molitor Music School\",\"isPartOf\":{\"@id\":\"https:\/\/molitormusicschool.hu\/#website\"},\"datePublished\":\"2023-01-22T11:47:14+00:00\",\"dateModified\":\"2025-07-05T11:22:42+00:00\",\"breadcrumb\":{\"@id\":\"https:\/\/molitormusicschool.hu\/rendezvenyeink\/#breadcrumb\"},\"inLanguage\":\"en-GB\",\"potentialAction\":[{\"@type\":\"ReadAction\",\"target\":[\"https:\/\/molitormusicschool.hu\/rendezvenyeink\/\"]}]},{\"@type\":\"BreadcrumbList\",\"@id\":\"https:\/\/molitormusicschool.hu\/rendezvenyeink\/#breadcrumb\",\"itemListElement\":[{\"@type\":\"ListItem\",\"position\":1,\"name\":\"Kezd\u0151lap\",\"item\":\"https:\/\/molitormusicschool.hu\/\"},{\"@type\":\"ListItem\",\"position\":2,\"name\":\"Rendezv\u00e9nyeink\"}]},{\"@type\":\"WebSite\",\"@id\":\"https:\/\/molitormusicschool.hu\/#website\",\"url\":\"https:\/\/molitormusicschool.hu\/\",\"name\":\"Molitor Music School\",\"description\":\"\",\"publisher\":{\"@id\":\"https:\/\/molitormusicschool.hu\/#organization\"},\"potentialAction\":[{\"@type\":\"SearchAction\",\"target\":{\"@type\":\"EntryPoint\",\"urlTemplate\":\"https:\/\/molitormusicschool.hu\/?s={search_term_string}\"},\"query-input\":{\"@type\":\"PropertyValueSpecification\",\"valueRequired\":true,\"valueName\":\"search_term_string\"}}],\"inLanguage\":\"en-GB\"},{\"@type\":\"Organization\",\"@id\":\"https:\/\/molitormusicschool.hu\/#organization\",\"name\":\"Molitor Music School K\u00f6zhaszn\u00fa Nonprofit Kft.\",\"url\":\"https:\/\/molitormusicschool.hu\/\",\"logo\":{\"@type\":\"ImageObject\",\"inLanguage\":\"en-GB\",\"@id\":\"https:\/\/molitormusicschool.hu\/#\/schema\/logo\/image\/\",\"url\":\"https:\/\/molitormusicschool.hu\/wp-content\/uploads\/2023\/01\/logo-feher.png\",\"contentUrl\":\"https:\/\/molitormusicschool.hu\/wp-content\/uploads\/2023\/01\/logo-feher.png\",\"width\":400,\"height\":184,\"caption\":\"Molitor Music School K\u00f6zhaszn\u00fa Nonprofit Kft.\"},\"image\":{\"@id\":\"https:\/\/molitormusicschool.hu\/#\/schema\/logo\/image\/\"},\"sameAs\":[\"https:\/\/www.facebook.com\/groups\/541437979253461\",\"https:\/\/www.youtube.com\/playlist?list=PLdzTrYmjJtrECyQAHnw-JG4l5ZYOqX0nM\"]}]}<\/script>\n<!-- \/ Yoast SEO plugin. -->","yoast_head_json":{"title":"Our events - Molitor Music School","robots":{"index":"index","follow":"follow","max-snippet":"max-snippet:-1","max-image-preview":"max-image-preview:large","max-video-preview":"max-video-preview:-1"},"canonical":"https:\/\/molitormusicschool.hu\/en\/our-events\/","og_locale":"en_GB","og_type":"article","og_title":"Rendezv\u00e9nyeink - Molitor Music School","og_description":"Rendezv\u00e9nyeink Esem\u00e9nyeink 2025-ben T\u00e1bori z\u00e1r\u00f3 koncert \u2013 2025. j\u00falius 12. 14:30 \u2013\u00a0 Fony\u00f3d-B\u00e9latelep B\u0151vebb inform\u00e1ci\u00f3 Ny\u00e1ri Hangerdei\u00a0 Alkot\u00f3t\u00e1bor \u2013 2025. j\u00falius 7-12.\u2013 Fony\u00f3d &#8211; B\u00e9latelep B\u0151vebb inform\u00e1ci\u00f3 \u00e9s jelenkez\u00e9s 2024 Workshop hangszeresek r\u00e9sz\u00e9re m\u0171v\u00e9sztan\u00e1rokkal\u00a0\u2013 2024. \u00e1prilis 27.\u00a0 A workshop oktat\u00e1si k\u00f6lts\u00e9geit az MMs v\u00e1llalja. Ipoly fesztiv\u00e1lt el\u0151k\u00e9sz\u00edt\u0151 workshop m\u0171v\u00e9sztan\u00e1rok k\u00f6zrem\u0171k\u00f6d\u00e9s\u00e9vel\u00a0\u2013 2024. m\u00e1jus 1. Az oktat\u00e1s [&hellip;]","og_url":"https:\/\/molitormusicschool.hu\/en\/our-events\/","og_site_name":"Molitor Music School","article_publisher":"https:\/\/www.facebook.com\/groups\/541437979253461","article_modified_time":"2025-07-05T11:22:42+00:00","twitter_card":"summary_large_image","twitter_misc":{"Estimated reading time":"3 minutes"},"schema":{"@context":"https:\/\/schema.org","@graph":[{"@type":"WebPage","@id":"https:\/\/molitormusicschool.hu\/rendezvenyeink\/","url":"https:\/\/molitormusicschool.hu\/rendezvenyeink\/","name":"Our events - Molitor Music School","isPartOf":{"@id":"https:\/\/molitormusicschool.hu\/#website"},"datePublished":"2023-01-22T11:47:14+00:00","dateModified":"2025-07-05T11:22:42+00:00","breadcrumb":{"@id":"https:\/\/molitormusicschool.hu\/rendezvenyeink\/#breadcrumb"},"inLanguage":"en-GB","potentialAction":[{"@type":"ReadAction","target":["https:\/\/molitormusicschool.hu\/rendezvenyeink\/"]}]},{"@type":"BreadcrumbList","@id":"https:\/\/molitormusicschool.hu\/rendezvenyeink\/#breadcrumb","itemListElement":[{"@type":"ListItem","position":1,"name":"Kezd\u0151lap","item":"https:\/\/molitormusicschool.hu\/"},{"@type":"ListItem","position":2,"name":"Rendezv\u00e9nyeink"}]},{"@type":"WebSite","@id":"https:\/\/molitormusicschool.hu\/#website","url":"https:\/\/molitormusicschool.hu\/","name":"Molitor Music School","description":"","publisher":{"@id":"https:\/\/molitormusicschool.hu\/#organization"},"potentialAction":[{"@type":"SearchAction","target":{"@type":"EntryPoint","urlTemplate":"https:\/\/molitormusicschool.hu\/?s={search_term_string}"},"query-input":{"@type":"PropertyValueSpecification","valueRequired":true,"valueName":"search_term_string"}}],"inLanguage":"en-GB"},{"@type":"Organization","@id":"https:\/\/molitormusicschool.hu\/#organization","name":"Molitor Music School K\u00f6zhaszn\u00fa Nonprofit Kft.","url":"https:\/\/molitormusicschool.hu\/","logo":{"@type":"ImageObject","inLanguage":"en-GB","@id":"https:\/\/molitormusicschool.hu\/#\/schema\/logo\/image\/","url":"https:\/\/molitormusicschool.hu\/wp-content\/uploads\/2023\/01\/logo-feher.png","contentUrl":"https:\/\/molitormusicschool.hu\/wp-content\/uploads\/2023\/01\/logo-feher.png","width":400,"height":184,"caption":"Molitor Music School K\u00f6zhaszn\u00fa Nonprofit Kft."},"image":{"@id":"https:\/\/molitormusicschool.hu\/#\/schema\/logo\/image\/"},"sameAs":["https:\/\/www.facebook.com\/groups\/541437979253461","https:\/\/www.youtube.com\/playlist?list=PLdzTrYmjJtrECyQAHnw-JG4l5ZYOqX0nM"]}]}},"_links":{"self":[{"href":"https:\/\/molitormusicschool.hu\/en\/wp-json\/wp\/v2\/pages\/21","targetHints":{"allow":["GET"]}}],"collection":[{"href":"https:\/\/molitormusicschool.hu\/en\/wp-json\/wp\/v2\/pages"}],"about":[{"href":"https:\/\/molitormusicschool.hu\/en\/wp-json\/wp\/v2\/types\/page"}],"author":[{"embeddable":true,"href":"https:\/\/molitormusicschool.hu\/en\/wp-json\/wp\/v2\/users\/1"}],"replies":[{"embeddable":true,"href":"https:\/\/molitormusicschool.hu\/en\/wp-json\/wp\/v2\/comments?post=21"}],"version-history":[{"count":226,"href":"https:\/\/molitormusicschool.hu\/en\/wp-json\/wp\/v2\/pages\/21\/revisions"}],"predecessor-version":[{"id":3246,"href":"https:\/\/molitormusicschool.hu\/en\/wp-json\/wp\/v2\/pages\/21\/revisions\/3246"}],"wp:attachment":[{"href":"https:\/\/molitormusicschool.hu\/en\/wp-json\/wp\/v2\/media?parent=21"}],"curies":[{"name":"wp","href":"https:\/\/api.w.org\/{rel}","templated":true}]}}