{"id":2117,"date":"2024-08-31T21:47:05","date_gmt":"2024-08-31T19:47:05","guid":{"rendered":"https:\/\/molitormusicschool.hu\/?page_id=2117"},"modified":"2024-10-08T23:28:02","modified_gmt":"2024-10-08T21:28:02","slug":"tevekenysegek","status":"publish","type":"page","link":"https:\/\/molitormusicschool.hu\/en\/","title":{"rendered":"Tev\u00e9kenys\u00e9gek"},"content":{"rendered":"<div data-elementor-type=\"wp-page\" data-elementor-id=\"2117\" class=\"elementor elementor-2117\" data-elementor-post-type=\"page\">\n\t\t\t\t\t\t<section class=\"elementor-section elementor-top-section elementor-element elementor-element-4e8cd57 elementor-section-content-middle elementor-section-height-full elementor-hidden-desktop elementor-hidden-laptop elementor-hidden-tablet elementor-hidden-mobile elementor-section-boxed elementor-section-height-default elementor-section-items-middle\" data-id=\"4e8cd57\" data-element_type=\"section\" data-e-type=\"section\" data-settings=\"{&quot;background_background&quot;:&quot;classic&quot;}\">\n\t\t\t\t\t\t\t<div class=\"elementor-background-overlay\"><\/div>\n\t\t\t\t\t\t\t<div class=\"elementor-container elementor-column-gap-default\">\n\t\t\t\t\t<div class=\"elementor-column elementor-col-100 elementor-top-column elementor-element elementor-element-f4ebbea\" data-id=\"f4ebbea\" data-element_type=\"column\" data-e-type=\"column\">\n\t\t\t<div class=\"elementor-widget-wrap elementor-element-populated\">\n\t\t\t\t\t\t<section class=\"elementor-section elementor-inner-section elementor-element elementor-element-8ac27bb elementor-section-boxed elementor-section-height-default elementor-section-height-default\" data-id=\"8ac27bb\" data-element_type=\"section\" data-e-type=\"section\">\n\t\t\t\t\t\t<div class=\"elementor-container elementor-column-gap-default\">\n\t\t\t\t\t<div class=\"elementor-column elementor-col-25 elementor-inner-column elementor-element elementor-element-8ba9914\" data-id=\"8ba9914\" data-element_type=\"column\" data-e-type=\"column\" data-settings=\"{&quot;background_background&quot;:&quot;classic&quot;}\">\n\t\t\t<div class=\"elementor-widget-wrap elementor-element-populated\">\n\t\t\t\t\t\t<div class=\"elementor-element elementor-element-690a92d elementor-view-default elementor-position-block-start elementor-mobile-position-block-start elementor-widget elementor-widget-icon-box\" data-id=\"690a92d\" data-element_type=\"widget\" data-e-type=\"widget\" data-widget_type=\"icon-box.default\">\n\t\t\t\t<div class=\"elementor-widget-container\">\n\t\t\t\t\t\t\t<div class=\"elementor-icon-box-wrapper\">\n\n\t\t\t\t\t\t<div class=\"elementor-icon-box-icon\">\n\t\t\t\t<a href=\"https:\/\/molitormusicschool.hu\/en\/home\/\" rel=\"nofollow\" class=\"elementor-icon\" tabindex=\"-1\" aria-label=\"Molitor &lt;br&gt;Music School\">\n\t\t\t\t<i aria-hidden=\"true\" class=\"fas fa-music\"><\/i>\t\t\t\t<\/a>\n\t\t\t<\/div>\n\t\t\t\n\t\t\t\t\t\t<div class=\"elementor-icon-box-content\">\n\n\t\t\t\t\t\t\t\t\t<h3 class=\"elementor-icon-box-title\">\n\t\t\t\t\t\t<a href=\"https:\/\/molitormusicschool.hu\/en\/home\/\" rel=\"nofollow\" >\n\t\t\t\t\t\t\tMolitor <br>Music School\t\t\t\t\t\t<\/a>\n\t\t\t\t\t<\/h3>\n\t\t\t\t\n\t\t\t\t\t\t\t\t\t<p class=\"elementor-icon-box-description\">\n\t\t\t\t\t\tMusic education and vibrant programs for young people\t\t\t\t\t<\/p>\n\t\t\t\t\n\t\t\t<\/div>\n\t\t\t\n\t\t<\/div>\n\t\t\t\t\t\t<\/div>\n\t\t\t\t<\/div>\n\t\t\t\t\t<\/div>\n\t\t<\/div>\n\t\t\t\t<div class=\"elementor-column elementor-col-25 elementor-inner-column elementor-element elementor-element-1d754e3\" data-id=\"1d754e3\" data-element_type=\"column\" data-e-type=\"column\" data-settings=\"{&quot;background_background&quot;:&quot;classic&quot;}\">\n\t\t\t<div class=\"elementor-widget-wrap elementor-element-populated\">\n\t\t\t\t\t\t<div class=\"elementor-element elementor-element-14d2661 elementor-view-default elementor-position-block-start elementor-mobile-position-block-start elementor-widget elementor-widget-icon-box\" data-id=\"14d2661\" data-element_type=\"widget\" data-e-type=\"widget\" data-widget_type=\"icon-box.default\">\n\t\t\t\t<div class=\"elementor-widget-container\">\n\t\t\t\t\t\t\t<div class=\"elementor-icon-box-wrapper\">\n\n\t\t\t\t\t\t<div class=\"elementor-icon-box-icon\">\n\t\t\t\t<a href=\"https:\/\/molitormusicschool.hu\/en\/singing-lawyers\/\" class=\"elementor-icon\" tabindex=\"-1\" aria-label=\"Singing &lt;br&gt;Lawyers\">\n\t\t\t\t<i aria-hidden=\"true\" class=\"fas fa-music\"><\/i>\t\t\t\t<\/a>\n\t\t\t<\/div>\n\t\t\t\n\t\t\t\t\t\t<div class=\"elementor-icon-box-content\">\n\n\t\t\t\t\t\t\t\t\t<h3 class=\"elementor-icon-box-title\">\n\t\t\t\t\t\t<a href=\"https:\/\/molitormusicschool.hu\/en\/singing-lawyers\/\" >\n\t\t\t\t\t\t\tSinging <br>Lawyers\t\t\t\t\t\t<\/a>\n\t\t\t\t\t<\/h3>\n\t\t\t\t\n\t\t\t\t\t\t\t\t\t<p class=\"elementor-icon-box-description\">\n\t\t\t\t\t\t\u00dcgyv\u00e9dekb\u0151l alakult k\u00f3rus, Molitor \u00c9va vezet\u00e9s\u00e9vel \t\t\t\t\t<\/p>\n\t\t\t\t\n\t\t\t<\/div>\n\t\t\t\n\t\t<\/div>\n\t\t\t\t\t\t<\/div>\n\t\t\t\t<\/div>\n\t\t\t\t\t<\/div>\n\t\t<\/div>\n\t\t\t\t<div class=\"elementor-column elementor-col-25 elementor-inner-column elementor-element elementor-element-06ca4fc\" data-id=\"06ca4fc\" data-element_type=\"column\" data-e-type=\"column\" data-settings=\"{&quot;background_background&quot;:&quot;classic&quot;}\">\n\t\t\t<div class=\"elementor-widget-wrap elementor-element-populated\">\n\t\t\t\t\t\t<div class=\"elementor-element elementor-element-055518d elementor-view-default elementor-position-block-start elementor-mobile-position-block-start elementor-widget elementor-widget-icon-box\" data-id=\"055518d\" data-element_type=\"widget\" data-e-type=\"widget\" data-widget_type=\"icon-box.default\">\n\t\t\t\t<div class=\"elementor-widget-container\">\n\t\t\t\t\t\t\t<div class=\"elementor-icon-box-wrapper\">\n\n\t\t\t\t\t\t<div class=\"elementor-icon-box-icon\">\n\t\t\t\t<a href=\"https:\/\/molitormusicschool.hu\/en\/sentiments-piano-duo\/\" rel=\"nofollow\" class=\"elementor-icon\" tabindex=\"-1\" aria-label=\"Sentiments &lt;br&gt;Piano Duo\">\n\t\t\t\t<i aria-hidden=\"true\" class=\"fas fa-music\"><\/i>\t\t\t\t<\/a>\n\t\t\t<\/div>\n\t\t\t\n\t\t\t\t\t\t<div class=\"elementor-icon-box-content\">\n\n\t\t\t\t\t\t\t\t\t<h3 class=\"elementor-icon-box-title\">\n\t\t\t\t\t\t<a href=\"https:\/\/molitormusicschool.hu\/en\/sentiments-piano-duo\/\" rel=\"nofollow\" >\n\t\t\t\t\t\t\tSentiments <br>Piano Duo\t\t\t\t\t\t<\/a>\n\t\t\t\t\t<\/h3>\n\t\t\t\t\n\t\t\t\t\t\t\t\t\t<p class=\"elementor-icon-box-description\">\n\t\t\t\t\t\tN\u00e9gy kezes zongor\u00e1s fell\u00e9p\u00e9s belf\u00f6ld\u00f6n \u00e9s k\u00fclf\u00f6ld\u00f6n \t\t\t\t\t<\/p>\n\t\t\t\t\n\t\t\t<\/div>\n\t\t\t\n\t\t<\/div>\n\t\t\t\t\t\t<\/div>\n\t\t\t\t<\/div>\n\t\t\t\t\t<\/div>\n\t\t<\/div>\n\t\t\t\t<div class=\"elementor-column elementor-col-25 elementor-inner-column elementor-element elementor-element-977c749\" data-id=\"977c749\" data-element_type=\"column\" data-e-type=\"column\" data-settings=\"{&quot;background_background&quot;:&quot;classic&quot;}\">\n\t\t\t<div class=\"elementor-widget-wrap elementor-element-populated\">\n\t\t\t\t\t\t<div class=\"elementor-element elementor-element-ce85978 elementor-view-default elementor-position-block-start elementor-mobile-position-block-start elementor-widget elementor-widget-icon-box\" data-id=\"ce85978\" data-element_type=\"widget\" data-e-type=\"widget\" data-widget_type=\"icon-box.default\">\n\t\t\t\t<div class=\"elementor-widget-container\">\n\t\t\t\t\t\t\t<div class=\"elementor-icon-box-wrapper\">\n\n\t\t\t\t\t\t<div class=\"elementor-icon-box-icon\">\n\t\t\t\t<a href=\"https:\/\/molitormusicschool.hu\/en\/csapatepito-workshopok\/\" class=\"elementor-icon\" tabindex=\"-1\" aria-label=\"Csapat&eacute;p&iacute;t\u0151 &lt;br&gt; Worksopok\">\n\t\t\t\t<i aria-hidden=\"true\" class=\"fas fa-music\"><\/i>\t\t\t\t<\/a>\n\t\t\t<\/div>\n\t\t\t\n\t\t\t\t\t\t<div class=\"elementor-icon-box-content\">\n\n\t\t\t\t\t\t\t\t\t<h3 class=\"elementor-icon-box-title\">\n\t\t\t\t\t\t<a href=\"https:\/\/molitormusicschool.hu\/en\/csapatepito-workshopok\/\" >\n\t\t\t\t\t\t\tCsapat\u00e9p\u00edt\u0151 <br> Worksopok\t\t\t\t\t\t<\/a>\n\t\t\t\t\t<\/h3>\n\t\t\t\t\n\t\t\t\t\t\t\t\t\t<p class=\"elementor-icon-box-description\">\n\t\t\t\t\t\tCsapat\u00e9p\u00edt\u0151 programok feln\u0151ttek r\u00e9sz\u00e9re\t\t\t\t\t<\/p>\n\t\t\t\t\n\t\t\t<\/div>\n\t\t\t\n\t\t<\/div>\n\t\t\t\t\t\t<\/div>\n\t\t\t\t<\/div>\n\t\t\t\t\t<\/div>\n\t\t<\/div>\n\t\t\t\t\t<\/div>\n\t\t<\/section>\n\t\t\t\t\t<\/div>\n\t\t<\/div>\n\t\t\t\t\t<\/div>\n\t\t<\/section>\n\t\t\t\t<section class=\"elementor-section elementor-top-section elementor-element elementor-element-6281e3b elementor-section-content-middle elementor-section-height-full elementor-section-boxed elementor-section-height-default elementor-section-items-middle\" data-id=\"6281e3b\" data-element_type=\"section\" data-e-type=\"section\" data-settings=\"{&quot;background_background&quot;:&quot;classic&quot;}\">\n\t\t\t\t\t\t\t<div class=\"elementor-background-overlay\"><\/div>\n\t\t\t\t\t\t\t<div class=\"elementor-container elementor-column-gap-default\">\n\t\t\t\t\t<div class=\"elementor-column elementor-col-100 elementor-top-column elementor-element elementor-element-a7191e7\" data-id=\"a7191e7\" data-element_type=\"column\" data-e-type=\"column\">\n\t\t\t<div class=\"elementor-widget-wrap elementor-element-populated\">\n\t\t\t\t\t\t<section class=\"elementor-section elementor-inner-section elementor-element elementor-element-0ab0664 elementor-section-boxed elementor-section-height-default elementor-section-height-default\" data-id=\"0ab0664\" data-element_type=\"section\" data-e-type=\"section\">\n\t\t\t\t\t\t<div class=\"elementor-container elementor-column-gap-default\">\n\t\t\t\t\t<div class=\"elementor-column elementor-col-33 elementor-inner-column elementor-element elementor-element-879cd6e\" data-id=\"879cd6e\" data-element_type=\"column\" data-e-type=\"column\" data-settings=\"{&quot;background_background&quot;:&quot;classic&quot;}\">\n\t\t\t<div class=\"elementor-widget-wrap elementor-element-populated\">\n\t\t\t\t\t\t<div class=\"elementor-element elementor-element-29bd581 elementor-position-top elementor-widget elementor-widget-image-box\" data-id=\"29bd581\" data-element_type=\"widget\" data-e-type=\"widget\" data-widget_type=\"image-box.default\">\n\t\t\t\t<div class=\"elementor-widget-container\">\n\t\t\t\t\t<div class=\"elementor-image-box-wrapper\"><figure class=\"elementor-image-box-img\"><a href=\"https:\/\/molitormusicschool.hu\/en\/home\/\" tabindex=\"-1\"><img decoding=\"async\" width=\"317\" height=\"100\" src=\"https:\/\/molitormusicschool.hu\/wp-content\/uploads\/2023\/01\/Logo-vegleges-feher-szoveg-nelkul-1.png\" class=\"attachment-full size-full wp-image-895\" alt=\"\" \/><\/a><\/figure><div class=\"elementor-image-box-content\"><h3 class=\"elementor-image-box-title\"><a href=\"https:\/\/molitormusicschool.hu\/en\/home\/\">Molitor Music School <br>Hangerdei Alkot\u00f3t\u00e1bor<\/a><\/h3><p class=\"elementor-image-box-description\">Music education and vibrant programs for young people<\/p><\/div><\/div>\t\t\t\t<\/div>\n\t\t\t\t<\/div>\n\t\t\t\t\t<\/div>\n\t\t<\/div>\n\t\t\t\t<div class=\"elementor-column elementor-col-33 elementor-inner-column elementor-element elementor-element-b1274b6\" data-id=\"b1274b6\" data-element_type=\"column\" data-e-type=\"column\" data-settings=\"{&quot;background_background&quot;:&quot;classic&quot;}\">\n\t\t\t<div class=\"elementor-widget-wrap elementor-element-populated\">\n\t\t\t\t\t\t<div class=\"elementor-element elementor-element-76a1b91 elementor-position-top elementor-widget elementor-widget-image-box\" data-id=\"76a1b91\" data-element_type=\"widget\" data-e-type=\"widget\" data-widget_type=\"image-box.default\">\n\t\t\t\t<div class=\"elementor-widget-container\">\n\t\t\t\t\t<div class=\"elementor-image-box-wrapper\"><figure class=\"elementor-image-box-img\"><a href=\"https:\/\/molitormusicschool.hu\/en\/singing-lawyers\/\" tabindex=\"-1\"><img decoding=\"async\" width=\"150\" height=\"150\" src=\"https:\/\/molitormusicschool.hu\/wp-content\/uploads\/2024\/10\/Feher-ikon-150x150.png\" class=\"attachment-thumbnail size-thumbnail wp-image-2424\" alt=\"\" srcset=\"https:\/\/molitormusicschool.hu\/wp-content\/uploads\/2024\/10\/Feher-ikon-150x150.png 150w, https:\/\/molitormusicschool.hu\/wp-content\/uploads\/2024\/10\/Feher-ikon-12x12.png 12w, https:\/\/molitormusicschool.hu\/wp-content\/uploads\/2024\/10\/Feher-ikon.png 338w\" sizes=\"(max-width: 150px) 100vw, 150px\" \/><\/a><\/figure><div class=\"elementor-image-box-content\"><h3 class=\"elementor-image-box-title\"><a href=\"https:\/\/molitormusicschool.hu\/en\/singing-lawyers\/\">Singing Lawyers<br>Budapest<\/a><\/h3><p class=\"elementor-image-box-description\">Musical club and choir<\/p><\/div><\/div>\t\t\t\t<\/div>\n\t\t\t\t<\/div>\n\t\t\t\t\t<\/div>\n\t\t<\/div>\n\t\t\t\t<div class=\"elementor-column elementor-col-33 elementor-inner-column elementor-element elementor-element-b171de8\" data-id=\"b171de8\" data-element_type=\"column\" data-e-type=\"column\" data-settings=\"{&quot;background_background&quot;:&quot;classic&quot;}\">\n\t\t\t<div class=\"elementor-widget-wrap elementor-element-populated\">\n\t\t\t\t\t\t<div class=\"elementor-element elementor-element-ea298b9 elementor-position-top elementor-widget elementor-widget-image-box\" data-id=\"ea298b9\" data-element_type=\"widget\" data-e-type=\"widget\" data-widget_type=\"image-box.default\">\n\t\t\t\t<div class=\"elementor-widget-container\">\n\t\t\t\t\t<div class=\"elementor-image-box-wrapper\"><figure class=\"elementor-image-box-img\"><a href=\"https:\/\/molitormusicschool.hu\/en\/sentiments-piano-duo\/\" tabindex=\"-1\"><img decoding=\"async\" width=\"150\" height=\"100\" src=\"https:\/\/molitormusicschool.hu\/wp-content\/uploads\/2024\/10\/6-150x100.png\" class=\"attachment-thumbnail size-thumbnail wp-image-2489\" alt=\"\" \/><\/a><\/figure><div class=\"elementor-image-box-content\"><h3 class=\"elementor-image-box-title\"><a href=\"https:\/\/molitormusicschool.hu\/en\/sentiments-piano-duo\/\">Sentiments<br>Piano Duo<\/a><\/h3><\/div><\/div>\t\t\t\t<\/div>\n\t\t\t\t<\/div>\n\t\t\t\t\t<\/div>\n\t\t<\/div>\n\t\t\t\t\t<\/div>\n\t\t<\/section>\n\t\t\t\t\t<\/div>\n\t\t<\/div>\n\t\t\t\t\t<\/div>\n\t\t<\/section>\n\t\t\t\t<\/div>","protected":false},"excerpt":{"rendered":"<p>Molitor Music School Zenei oktat\u00e1s \u00e9s sz\u00ednes programok fiatalok r\u00e9sz\u00e9re Singing Lawyers \u00dcgyv\u00e9dekb\u0151l alakult k\u00f3rus, Molitor \u00c9va vezet\u00e9s\u00e9vel Sentiments Piano Duo N\u00e9gy kezes zongor\u00e1s fell\u00e9p\u00e9s belf\u00f6ld\u00f6n \u00e9s k\u00fclf\u00f6ld\u00f6n Csapat\u00e9p\u00edt\u0151 Worksopok Csapat\u00e9p\u00edt\u0151 programok feln\u0151ttek r\u00e9sz\u00e9re Molitor Music School Hangerdei Alkot\u00f3t\u00e1bor Zenei oktat\u00e1s \u00e9s sz\u00ednes programok fiatalok r\u00e9sz\u00e9re Singing LawyersBudapest Zenei klub\/k\u00f3rus SentimentsPiano Du\u00f3<\/p>","protected":false},"author":1,"featured_media":0,"parent":0,"menu_order":0,"comment_status":"closed","ping_status":"closed","template":"elementor_canvas","meta":{"footnotes":""},"class_list":["post-2117","page","type-page","status-publish","hentry"],"yoast_head":"<!-- This site is optimized with the Yoast SEO plugin v26.2 - https:\/\/yoast.com\/wordpress\/plugins\/seo\/ -->\n<title>Tev\u00e9kenys\u00e9gek - Molitor Music School<\/title>\n<meta name=\"robots\" content=\"index, follow, max-snippet:-1, max-image-preview:large, max-video-preview:-1\" \/>\n<link rel=\"canonical\" href=\"https:\/\/molitormusicschool.hu\/en\/\" \/>\n<meta property=\"og:locale\" content=\"en_GB\" \/>\n<meta property=\"og:type\" content=\"article\" \/>\n<meta property=\"og:title\" content=\"Tev\u00e9kenys\u00e9gek - Molitor Music School\" \/>\n<meta property=\"og:description\" content=\"Molitor Music School Zenei oktat\u00e1s \u00e9s sz\u00ednes programok fiatalok r\u00e9sz\u00e9re Singing Lawyers \u00dcgyv\u00e9dekb\u0151l alakult k\u00f3rus, Molitor \u00c9va vezet\u00e9s\u00e9vel Sentiments Piano Duo N\u00e9gy kezes zongor\u00e1s fell\u00e9p\u00e9s belf\u00f6ld\u00f6n \u00e9s k\u00fclf\u00f6ld\u00f6n Csapat\u00e9p\u00edt\u0151 Worksopok Csapat\u00e9p\u00edt\u0151 programok feln\u0151ttek r\u00e9sz\u00e9re Molitor Music School Hangerdei Alkot\u00f3t\u00e1bor Zenei oktat\u00e1s \u00e9s sz\u00ednes programok fiatalok r\u00e9sz\u00e9re Singing LawyersBudapest Zenei klub\/k\u00f3rus SentimentsPiano Du\u00f3\" \/>\n<meta property=\"og:url\" content=\"https:\/\/molitormusicschool.hu\/en\/\" \/>\n<meta property=\"og:site_name\" content=\"Molitor Music School\" \/>\n<meta property=\"article:publisher\" content=\"https:\/\/www.facebook.com\/groups\/541437979253461\" \/>\n<meta property=\"article:modified_time\" content=\"2024-10-08T21:28:02+00:00\" \/>\n<meta property=\"og:image\" content=\"https:\/\/molitormusicschool.hu\/wp-content\/uploads\/2023\/01\/Logo-vegleges-feher-szoveg-nelkul-1.png\" \/>\n<meta name=\"twitter:card\" content=\"summary_large_image\" \/>\n<meta name=\"twitter:label1\" content=\"Estimated reading time\" \/>\n\t<meta name=\"twitter:data1\" content=\"1 minute\" \/>\n<script type=\"application\/ld+json\" class=\"yoast-schema-graph\">{\"@context\":\"https:\/\/schema.org\",\"@graph\":[{\"@type\":\"WebPage\",\"@id\":\"https:\/\/molitormusicschool.hu\/\",\"url\":\"https:\/\/molitormusicschool.hu\/\",\"name\":\"Tev\u00e9kenys\u00e9gek - Molitor Music School\",\"isPartOf\":{\"@id\":\"https:\/\/molitormusicschool.hu\/#website\"},\"primaryImageOfPage\":{\"@id\":\"https:\/\/molitormusicschool.hu\/#primaryimage\"},\"image\":{\"@id\":\"https:\/\/molitormusicschool.hu\/#primaryimage\"},\"thumbnailUrl\":\"https:\/\/molitormusicschool.hu\/wp-content\/uploads\/2023\/01\/Logo-vegleges-feher-szoveg-nelkul-1.png\",\"datePublished\":\"2024-08-31T19:47:05+00:00\",\"dateModified\":\"2024-10-08T21:28:02+00:00\",\"breadcrumb\":{\"@id\":\"https:\/\/molitormusicschool.hu\/#breadcrumb\"},\"inLanguage\":\"en-GB\",\"potentialAction\":[{\"@type\":\"ReadAction\",\"target\":[\"https:\/\/molitormusicschool.hu\/\"]}]},{\"@type\":\"ImageObject\",\"inLanguage\":\"en-GB\",\"@id\":\"https:\/\/molitormusicschool.hu\/#primaryimage\",\"url\":\"https:\/\/molitormusicschool.hu\/wp-content\/uploads\/2023\/01\/Logo-vegleges-feher-szoveg-nelkul-1.png\",\"contentUrl\":\"https:\/\/molitormusicschool.hu\/wp-content\/uploads\/2023\/01\/Logo-vegleges-feher-szoveg-nelkul-1.png\"},{\"@type\":\"BreadcrumbList\",\"@id\":\"https:\/\/molitormusicschool.hu\/#breadcrumb\",\"itemListElement\":[{\"@type\":\"ListItem\",\"position\":1,\"name\":\"Kezd\u0151lap\",\"item\":\"https:\/\/molitormusicschool.hu\/\"},{\"@type\":\"ListItem\",\"position\":2,\"name\":\"Tev\u00e9kenys\u00e9gek\"}]},{\"@type\":\"WebSite\",\"@id\":\"https:\/\/molitormusicschool.hu\/#website\",\"url\":\"https:\/\/molitormusicschool.hu\/\",\"name\":\"Molitor Music School\",\"description\":\"\",\"publisher\":{\"@id\":\"https:\/\/molitormusicschool.hu\/#organization\"},\"potentialAction\":[{\"@type\":\"SearchAction\",\"target\":{\"@type\":\"EntryPoint\",\"urlTemplate\":\"https:\/\/molitormusicschool.hu\/?s={search_term_string}\"},\"query-input\":{\"@type\":\"PropertyValueSpecification\",\"valueRequired\":true,\"valueName\":\"search_term_string\"}}],\"inLanguage\":\"en-GB\"},{\"@type\":\"Organization\",\"@id\":\"https:\/\/molitormusicschool.hu\/#organization\",\"name\":\"Molitor Music School K\u00f6zhaszn\u00fa Nonprofit Kft.\",\"url\":\"https:\/\/molitormusicschool.hu\/\",\"logo\":{\"@type\":\"ImageObject\",\"inLanguage\":\"en-GB\",\"@id\":\"https:\/\/molitormusicschool.hu\/#\/schema\/logo\/image\/\",\"url\":\"https:\/\/molitormusicschool.hu\/wp-content\/uploads\/2023\/01\/logo-feher.png\",\"contentUrl\":\"https:\/\/molitormusicschool.hu\/wp-content\/uploads\/2023\/01\/logo-feher.png\",\"width\":400,\"height\":184,\"caption\":\"Molitor Music School K\u00f6zhaszn\u00fa Nonprofit Kft.\"},\"image\":{\"@id\":\"https:\/\/molitormusicschool.hu\/#\/schema\/logo\/image\/\"},\"sameAs\":[\"https:\/\/www.facebook.com\/groups\/541437979253461\",\"https:\/\/www.youtube.com\/playlist?list=PLdzTrYmjJtrECyQAHnw-JG4l5ZYOqX0nM\"]}]}<\/script>\n<!-- \/ Yoast SEO plugin. -->","yoast_head_json":{"title":"Tev\u00e9kenys\u00e9gek - Molitor Music School","robots":{"index":"index","follow":"follow","max-snippet":"max-snippet:-1","max-image-preview":"max-image-preview:large","max-video-preview":"max-video-preview:-1"},"canonical":"https:\/\/molitormusicschool.hu\/en\/","og_locale":"en_GB","og_type":"article","og_title":"Tev\u00e9kenys\u00e9gek - Molitor Music School","og_description":"Molitor Music School Zenei oktat\u00e1s \u00e9s sz\u00ednes programok fiatalok r\u00e9sz\u00e9re Singing Lawyers \u00dcgyv\u00e9dekb\u0151l alakult k\u00f3rus, Molitor \u00c9va vezet\u00e9s\u00e9vel Sentiments Piano Duo N\u00e9gy kezes zongor\u00e1s fell\u00e9p\u00e9s belf\u00f6ld\u00f6n \u00e9s k\u00fclf\u00f6ld\u00f6n Csapat\u00e9p\u00edt\u0151 Worksopok Csapat\u00e9p\u00edt\u0151 programok feln\u0151ttek r\u00e9sz\u00e9re Molitor Music School Hangerdei Alkot\u00f3t\u00e1bor Zenei oktat\u00e1s \u00e9s sz\u00ednes programok fiatalok r\u00e9sz\u00e9re Singing LawyersBudapest Zenei klub\/k\u00f3rus SentimentsPiano Du\u00f3","og_url":"https:\/\/molitormusicschool.hu\/en\/","og_site_name":"Molitor Music School","article_publisher":"https:\/\/www.facebook.com\/groups\/541437979253461","article_modified_time":"2024-10-08T21:28:02+00:00","og_image":[{"url":"https:\/\/molitormusicschool.hu\/wp-content\/uploads\/2023\/01\/Logo-vegleges-feher-szoveg-nelkul-1.png","type":"","width":"","height":""}],"twitter_card":"summary_large_image","twitter_misc":{"Estimated reading time":"1 minute"},"schema":{"@context":"https:\/\/schema.org","@graph":[{"@type":"WebPage","@id":"https:\/\/molitormusicschool.hu\/","url":"https:\/\/molitormusicschool.hu\/","name":"Tev\u00e9kenys\u00e9gek - Molitor Music School","isPartOf":{"@id":"https:\/\/molitormusicschool.hu\/#website"},"primaryImageOfPage":{"@id":"https:\/\/molitormusicschool.hu\/#primaryimage"},"image":{"@id":"https:\/\/molitormusicschool.hu\/#primaryimage"},"thumbnailUrl":"https:\/\/molitormusicschool.hu\/wp-content\/uploads\/2023\/01\/Logo-vegleges-feher-szoveg-nelkul-1.png","datePublished":"2024-08-31T19:47:05+00:00","dateModified":"2024-10-08T21:28:02+00:00","breadcrumb":{"@id":"https:\/\/molitormusicschool.hu\/#breadcrumb"},"inLanguage":"en-GB","potentialAction":[{"@type":"ReadAction","target":["https:\/\/molitormusicschool.hu\/"]}]},{"@type":"ImageObject","inLanguage":"en-GB","@id":"https:\/\/molitormusicschool.hu\/#primaryimage","url":"https:\/\/molitormusicschool.hu\/wp-content\/uploads\/2023\/01\/Logo-vegleges-feher-szoveg-nelkul-1.png","contentUrl":"https:\/\/molitormusicschool.hu\/wp-content\/uploads\/2023\/01\/Logo-vegleges-feher-szoveg-nelkul-1.png"},{"@type":"BreadcrumbList","@id":"https:\/\/molitormusicschool.hu\/#breadcrumb","itemListElement":[{"@type":"ListItem","position":1,"name":"Kezd\u0151lap","item":"https:\/\/molitormusicschool.hu\/"},{"@type":"ListItem","position":2,"name":"Tev\u00e9kenys\u00e9gek"}]},{"@type":"WebSite","@id":"https:\/\/molitormusicschool.hu\/#website","url":"https:\/\/molitormusicschool.hu\/","name":"Molitor Music School","description":"","publisher":{"@id":"https:\/\/molitormusicschool.hu\/#organization"},"potentialAction":[{"@type":"SearchAction","target":{"@type":"EntryPoint","urlTemplate":"https:\/\/molitormusicschool.hu\/?s={search_term_string}"},"query-input":{"@type":"PropertyValueSpecification","valueRequired":true,"valueName":"search_term_string"}}],"inLanguage":"en-GB"},{"@type":"Organization","@id":"https:\/\/molitormusicschool.hu\/#organization","name":"Molitor Music School K\u00f6zhaszn\u00fa Nonprofit Kft.","url":"https:\/\/molitormusicschool.hu\/","logo":{"@type":"ImageObject","inLanguage":"en-GB","@id":"https:\/\/molitormusicschool.hu\/#\/schema\/logo\/image\/","url":"https:\/\/molitormusicschool.hu\/wp-content\/uploads\/2023\/01\/logo-feher.png","contentUrl":"https:\/\/molitormusicschool.hu\/wp-content\/uploads\/2023\/01\/logo-feher.png","width":400,"height":184,"caption":"Molitor Music School K\u00f6zhaszn\u00fa Nonprofit Kft."},"image":{"@id":"https:\/\/molitormusicschool.hu\/#\/schema\/logo\/image\/"},"sameAs":["https:\/\/www.facebook.com\/groups\/541437979253461","https:\/\/www.youtube.com\/playlist?list=PLdzTrYmjJtrECyQAHnw-JG4l5ZYOqX0nM"]}]}},"_links":{"self":[{"href":"https:\/\/molitormusicschool.hu\/en\/wp-json\/wp\/v2\/pages\/2117","targetHints":{"allow":["GET"]}}],"collection":[{"href":"https:\/\/molitormusicschool.hu\/en\/wp-json\/wp\/v2\/pages"}],"about":[{"href":"https:\/\/molitormusicschool.hu\/en\/wp-json\/wp\/v2\/types\/page"}],"author":[{"embeddable":true,"href":"https:\/\/molitormusicschool.hu\/en\/wp-json\/wp\/v2\/users\/1"}],"replies":[{"embeddable":true,"href":"https:\/\/molitormusicschool.hu\/en\/wp-json\/wp\/v2\/comments?post=2117"}],"version-history":[{"count":148,"href":"https:\/\/molitormusicschool.hu\/en\/wp-json\/wp\/v2\/pages\/2117\/revisions"}],"predecessor-version":[{"id":2546,"href":"https:\/\/molitormusicschool.hu\/en\/wp-json\/wp\/v2\/pages\/2117\/revisions\/2546"}],"wp:attachment":[{"href":"https:\/\/molitormusicschool.hu\/en\/wp-json\/wp\/v2\/media?parent=2117"}],"curies":[{"name":"wp","href":"https:\/\/api.w.org\/{rel}","templated":true}]}}