{"id":2172,"date":"2024-09-12T19:37:02","date_gmt":"2024-09-12T17:37:02","guid":{"rendered":"https:\/\/molitormusicschool.hu\/?page_id=2172"},"modified":"2024-10-08T19:23:32","modified_gmt":"2024-10-08T17:23:32","slug":"sentiments-piano-duo","status":"publish","type":"page","link":"https:\/\/molitormusicschool.hu\/en\/sentiments-piano-duo\/","title":{"rendered":"Sentiments Piano Duo"},"content":{"rendered":"<div data-elementor-type=\"wp-page\" data-elementor-id=\"2172\" class=\"elementor elementor-2172\" data-elementor-post-type=\"page\">\n\t\t\t\t\t\t<section class=\"elementor-section elementor-top-section elementor-element elementor-element-0ee305b elementor-section-height-min-height elementor-section-boxed elementor-section-height-default elementor-section-items-middle\" data-id=\"0ee305b\" data-element_type=\"section\" data-e-type=\"section\" data-settings=\"{&quot;background_background&quot;:&quot;classic&quot;,&quot;shape_divider_bottom&quot;:&quot;mountains&quot;}\">\n\t\t\t\t\t\t\t<div class=\"elementor-background-overlay\"><\/div>\n\t\t\t\t\t\t<div class=\"elementor-shape elementor-shape-bottom\" aria-hidden=\"true\" data-negative=\"false\">\n\t\t\t<svg xmlns=\"http:\/\/www.w3.org\/2000\/svg\" viewbox=\"0 0 1000 100\" preserveaspectratio=\"none\">\n\t<path class=\"elementor-shape-fill\" opacity=\"0.33\" d=\"M473,67.3c-203.9,88.3-263.1-34-320.3,0C66,119.1,0,59.7,0,59.7V0h1000v59.7 c0,0-62.1,26.1-94.9,29.3c-32.8,3.3-62.8-12.3-75.8-22.1C806,49.6,745.3,8.7,694.9,4.7S492.4,59,473,67.3z\"\/>\n\t<path class=\"elementor-shape-fill\" opacity=\"0.66\" d=\"M734,67.3c-45.5,0-77.2-23.2-129.1-39.1c-28.6-8.7-150.3-10.1-254,39.1 s-91.7-34.4-149.2,0C115.7,118.3,0,39.8,0,39.8V0h1000v36.5c0,0-28.2-18.5-92.1-18.5C810.2,18.1,775.7,67.3,734,67.3z\"\/>\n\t<path class=\"elementor-shape-fill\" d=\"M766.1,28.9c-200-57.5-266,65.5-395.1,19.5C242,1.8,242,5.4,184.8,20.6C128,35.8,132.3,44.9,89.9,52.5C28.6,63.7,0,0,0,0 h1000c0,0-9.9,40.9-83.6,48.1S829.6,47,766.1,28.9z\"\/>\n<\/svg>\t\t<\/div>\n\t\t\t\t\t<div class=\"elementor-container elementor-column-gap-default\">\n\t\t\t\t\t<div class=\"elementor-column elementor-col-100 elementor-top-column elementor-element elementor-element-1ea2d11\" data-id=\"1ea2d11\" data-element_type=\"column\" data-e-type=\"column\">\n\t\t\t<div class=\"elementor-widget-wrap elementor-element-populated\">\n\t\t\t\t\t\t<div class=\"elementor-element elementor-element-f333fbc elementor-widget elementor-widget-heading\" data-id=\"f333fbc\" data-element_type=\"widget\" data-e-type=\"widget\" data-widget_type=\"heading.default\">\n\t\t\t\t<div class=\"elementor-widget-container\">\n\t\t\t\t\t<h2 class=\"elementor-heading-title elementor-size-default\">Sentiments Piano Duo<\/h2>\t\t\t\t<\/div>\n\t\t\t\t<\/div>\n\t\t\t\t\t<\/div>\n\t\t<\/div>\n\t\t\t\t\t<\/div>\n\t\t<\/section>\n\t\t\t\t<section class=\"elementor-section elementor-top-section elementor-element elementor-element-cb40d0e elementor-section-content-middle elementor-reverse-mobile elementor-section-boxed elementor-section-height-default elementor-section-height-default\" data-id=\"cb40d0e\" data-element_type=\"section\" data-e-type=\"section\">\n\t\t\t\t\t\t<div class=\"elementor-container elementor-column-gap-default\">\n\t\t\t\t\t<div class=\"elementor-column elementor-col-100 elementor-top-column elementor-element elementor-element-bc0044b\" data-id=\"bc0044b\" data-element_type=\"column\" data-e-type=\"column\">\n\t\t\t<div class=\"elementor-widget-wrap elementor-element-populated\">\n\t\t\t\t\t\t<div class=\"elementor-element elementor-element-3e7262f elementor-widget elementor-widget-heading\" data-id=\"3e7262f\" data-element_type=\"widget\" data-e-type=\"widget\" data-widget_type=\"heading.default\">\n\t\t\t\t<div class=\"elementor-widget-container\">\n\t\t\t\t\t<h2 class=\"elementor-heading-title elementor-size-default\">Bemutatkoz\u00f3 vide\u00f3nk<\/h2>\t\t\t\t<\/div>\n\t\t\t\t<\/div>\n\t\t\t\t<div class=\"elementor-element elementor-element-4ec5183 elementor-widget-divider--view-line elementor-widget elementor-widget-divider\" data-id=\"4ec5183\" data-element_type=\"widget\" data-e-type=\"widget\" data-widget_type=\"divider.default\">\n\t\t\t\t<div class=\"elementor-widget-container\">\n\t\t\t\t\t\t\t<div class=\"elementor-divider\">\n\t\t\t<span class=\"elementor-divider-separator\">\n\t\t\t\t\t\t<\/span>\n\t\t<\/div>\n\t\t\t\t\t\t<\/div>\n\t\t\t\t<\/div>\n\t\t\t\t<div class=\"elementor-element elementor-element-400e7f8 elementor-widget elementor-widget-video\" data-id=\"400e7f8\" data-element_type=\"widget\" data-e-type=\"widget\" data-settings=\"{&quot;youtube_url&quot;:&quot;https:\\\/\\\/www.youtube.com\\\/watch?v=-lebWGb0frc&quot;,&quot;video_type&quot;:&quot;youtube&quot;,&quot;controls&quot;:&quot;yes&quot;}\" data-widget_type=\"video.default\">\n\t\t\t\t<div class=\"elementor-widget-container\">\n\t\t\t\t\t\t\t<div class=\"elementor-wrapper elementor-open-inline\">\n\t\t\t<div class=\"elementor-video\"><\/div>\t\t<\/div>\n\t\t\t\t\t\t<\/div>\n\t\t\t\t<\/div>\n\t\t\t\t\t<\/div>\n\t\t<\/div>\n\t\t\t\t\t<\/div>\n\t\t<\/section>\n\t\t\t\t<section class=\"elementor-section elementor-top-section elementor-element elementor-element-65ec8a7 elementor-section-content-middle elementor-reverse-mobile elementor-hidden-desktop elementor-hidden-laptop elementor-hidden-tablet elementor-hidden-mobile elementor-section-boxed elementor-section-height-default elementor-section-height-default\" data-id=\"65ec8a7\" data-element_type=\"section\" data-e-type=\"section\">\n\t\t\t\t\t\t<div class=\"elementor-container elementor-column-gap-default\">\n\t\t\t\t\t<div class=\"elementor-column elementor-col-50 elementor-top-column elementor-element elementor-element-edc5051\" data-id=\"edc5051\" data-element_type=\"column\" data-e-type=\"column\">\n\t\t\t<div class=\"elementor-widget-wrap elementor-element-populated\">\n\t\t\t\t\t\t<div class=\"elementor-element elementor-element-9ecf342 elementor-widget elementor-widget-image\" data-id=\"9ecf342\" data-element_type=\"widget\" data-e-type=\"widget\" data-widget_type=\"image.default\">\n\t\t\t\t<div class=\"elementor-widget-container\">\n\t\t\t\t\t\t\t\t\t\t\t\t\t\t\t<img fetchpriority=\"high\" decoding=\"async\" width=\"1200\" height=\"800\" src=\"https:\/\/molitormusicschool.hu\/wp-content\/uploads\/2023\/01\/placeholder-49.png\" class=\"attachment-full size-full wp-image-173\" alt=\"\" srcset=\"https:\/\/molitormusicschool.hu\/wp-content\/uploads\/2023\/01\/placeholder-49.png 1200w, https:\/\/molitormusicschool.hu\/wp-content\/uploads\/2023\/01\/placeholder-49-700x467.png 700w, https:\/\/molitormusicschool.hu\/wp-content\/uploads\/2023\/01\/placeholder-49-1024x683.png 1024w, https:\/\/molitormusicschool.hu\/wp-content\/uploads\/2023\/01\/placeholder-49-768x512.png 768w\" sizes=\"(max-width: 1200px) 100vw, 1200px\" \/>\t\t\t\t\t\t\t\t\t\t\t\t\t\t\t<\/div>\n\t\t\t\t<\/div>\n\t\t\t\t\t<\/div>\n\t\t<\/div>\n\t\t\t\t<div class=\"elementor-column elementor-col-50 elementor-top-column elementor-element elementor-element-5782284\" data-id=\"5782284\" data-element_type=\"column\" data-e-type=\"column\">\n\t\t\t<div class=\"elementor-widget-wrap elementor-element-populated\">\n\t\t\t\t\t\t<div class=\"elementor-element elementor-element-0fe6978 elementor-widget elementor-widget-heading\" data-id=\"0fe6978\" data-element_type=\"widget\" data-e-type=\"widget\" data-widget_type=\"heading.default\">\n\t\t\t\t<div class=\"elementor-widget-container\">\n\t\t\t\t\t<h2 class=\"elementor-heading-title elementor-size-default\">C\u00edm<\/h2>\t\t\t\t<\/div>\n\t\t\t\t<\/div>\n\t\t\t\t<div class=\"elementor-element elementor-element-a101f3f elementor-widget-divider--view-line elementor-widget elementor-widget-divider\" data-id=\"a101f3f\" data-element_type=\"widget\" data-e-type=\"widget\" data-widget_type=\"divider.default\">\n\t\t\t\t<div class=\"elementor-widget-container\">\n\t\t\t\t\t\t\t<div class=\"elementor-divider\">\n\t\t\t<span class=\"elementor-divider-separator\">\n\t\t\t\t\t\t<\/span>\n\t\t<\/div>\n\t\t\t\t\t\t<\/div>\n\t\t\t\t<\/div>\n\t\t\t\t<div class=\"elementor-element elementor-element-25820b1 elementor-widget elementor-widget-text-editor\" data-id=\"25820b1\" data-element_type=\"widget\" data-e-type=\"widget\" data-widget_type=\"text-editor.default\">\n\t\t\t\t<div class=\"elementor-widget-container\">\n\t\t\t\t\t\t\t\t\t<p>Lorem ipsum dolor sit amet, consectetur adipiscing elit. Pellentesque vel nulla vel tortor porta aliquam. Duis sollicitudin magna vitae quam commodo, quis varius erat tincidunt. Phasellus condimentum velit ac mauris finibus, vel fermentum sem varius. Cras nec tortor at tellus luctus iaculis. Quisque porttitor elit erat, nec dignissim dolor consectetur vitae. Nulla consectetur arcu eu lorem sodales dapibus ut tempus mauris. Nullam diam tellus, rutrum quis aliquam quis, venenatis eu justo. Fusce auctor nisl nec massa gravida, non dignissim lorem laoreet. Vivamus scelerisque facilisis rhoncus. Interdum et malesuada fames ac ante ipsum primis in faucibus. Sed ultrices bibendum dolor non tincidunt. Donec a sodales odio. Sed sed quam nunc.<\/p><p>\u00a0<\/p>\t\t\t\t\t\t\t\t<\/div>\n\t\t\t\t<\/div>\n\t\t\t\t\t<\/div>\n\t\t<\/div>\n\t\t\t\t\t<\/div>\n\t\t<\/section>\n\t\t\t\t<section class=\"elementor-section elementor-top-section elementor-element elementor-element-9558064 elementor-section-content-middle elementor-section-boxed elementor-section-height-default elementor-section-height-default\" data-id=\"9558064\" data-element_type=\"section\" data-e-type=\"section\" data-settings=\"{&quot;background_background&quot;:&quot;classic&quot;}\">\n\t\t\t\t\t\t\t<div class=\"elementor-background-overlay\"><\/div>\n\t\t\t\t\t\t\t<div class=\"elementor-container elementor-column-gap-default\">\n\t\t\t\t\t<div class=\"elementor-column elementor-col-33 elementor-top-column elementor-element elementor-element-b8599e7\" data-id=\"b8599e7\" data-element_type=\"column\" data-e-type=\"column\" data-settings=\"{&quot;background_background&quot;:&quot;classic&quot;}\">\n\t\t\t<div class=\"elementor-widget-wrap elementor-element-populated\">\n\t\t\t\t\t\t<div class=\"elementor-element elementor-element-1db21c6 elementor-position-top elementor-widget elementor-widget-image-box\" data-id=\"1db21c6\" data-element_type=\"widget\" data-e-type=\"widget\" data-widget_type=\"image-box.default\">\n\t\t\t\t<div class=\"elementor-widget-container\">\n\t\t\t\t\t<div class=\"elementor-image-box-wrapper\"><figure class=\"elementor-image-box-img\"><img decoding=\"async\" width=\"317\" height=\"100\" src=\"https:\/\/molitormusicschool.hu\/wp-content\/uploads\/2023\/01\/Logo-vegleges-feher-szoveg-nelkul-1.png\" class=\"attachment-full size-full wp-image-895\" alt=\"\" \/><\/figure><div class=\"elementor-image-box-content\"><h3 class=\"elementor-image-box-title\">Molitor Music School <br>Hangerdei Alkot\u00f3t\u00e1bor<\/h3><p class=\"elementor-image-box-description\">Music education and vibrant programs for young people<\/p><\/div><\/div>\t\t\t\t<\/div>\n\t\t\t\t<\/div>\n\t\t\t\t\t<\/div>\n\t\t<\/div>\n\t\t\t\t<div class=\"elementor-column elementor-col-33 elementor-top-column elementor-element elementor-element-c9835cd\" data-id=\"c9835cd\" data-element_type=\"column\" data-e-type=\"column\">\n\t\t\t<div class=\"elementor-widget-wrap elementor-element-populated\">\n\t\t\t\t\t\t<section class=\"elementor-section elementor-inner-section elementor-element elementor-element-5bd63b1 elementor-section-boxed elementor-section-height-default elementor-section-height-default\" data-id=\"5bd63b1\" data-element_type=\"section\" data-e-type=\"section\">\n\t\t\t\t\t\t<div class=\"elementor-container elementor-column-gap-default\">\n\t\t\t\t\t<div class=\"elementor-column elementor-col-100 elementor-inner-column elementor-element elementor-element-e9528af\" data-id=\"e9528af\" data-element_type=\"column\" data-e-type=\"column\" data-settings=\"{&quot;background_background&quot;:&quot;classic&quot;}\">\n\t\t\t<div class=\"elementor-widget-wrap elementor-element-populated\">\n\t\t\t\t\t\t<div class=\"elementor-element elementor-element-a9db683 elementor-position-top elementor-widget elementor-widget-image-box\" data-id=\"a9db683\" data-element_type=\"widget\" data-e-type=\"widget\" data-widget_type=\"image-box.default\">\n\t\t\t\t<div class=\"elementor-widget-container\">\n\t\t\t\t\t<div class=\"elementor-image-box-wrapper\"><figure class=\"elementor-image-box-img\"><a href=\"https:\/\/molitormusicschool.hu\/en\/singing-lawyers\/\" tabindex=\"-1\"><img decoding=\"async\" width=\"150\" height=\"150\" src=\"https:\/\/molitormusicschool.hu\/wp-content\/uploads\/2024\/10\/Feher-ikon-150x150.png\" class=\"attachment-thumbnail size-thumbnail wp-image-2424\" alt=\"\" srcset=\"https:\/\/molitormusicschool.hu\/wp-content\/uploads\/2024\/10\/Feher-ikon-150x150.png 150w, https:\/\/molitormusicschool.hu\/wp-content\/uploads\/2024\/10\/Feher-ikon-12x12.png 12w, https:\/\/molitormusicschool.hu\/wp-content\/uploads\/2024\/10\/Feher-ikon.png 338w\" sizes=\"(max-width: 150px) 100vw, 150px\" \/><\/a><\/figure><div class=\"elementor-image-box-content\"><h3 class=\"elementor-image-box-title\"><a href=\"https:\/\/molitormusicschool.hu\/en\/singing-lawyers\/\">Singing Lawyers<br>Budapest<\/a><\/h3><p class=\"elementor-image-box-description\">Musical club and choir<\/p><\/div><\/div>\t\t\t\t<\/div>\n\t\t\t\t<\/div>\n\t\t\t\t\t<\/div>\n\t\t<\/div>\n\t\t\t\t\t<\/div>\n\t\t<\/section>\n\t\t\t\t\t<\/div>\n\t\t<\/div>\n\t\t\t\t<div class=\"elementor-column elementor-col-33 elementor-top-column elementor-element elementor-element-051f608\" data-id=\"051f608\" data-element_type=\"column\" data-e-type=\"column\" data-settings=\"{&quot;background_background&quot;:&quot;classic&quot;}\">\n\t\t\t<div class=\"elementor-widget-wrap elementor-element-populated\">\n\t\t\t\t\t\t<div class=\"elementor-element elementor-element-557fa7f elementor-position-top elementor-widget elementor-widget-image-box\" data-id=\"557fa7f\" data-element_type=\"widget\" data-e-type=\"widget\" data-widget_type=\"image-box.default\">\n\t\t\t\t<div class=\"elementor-widget-container\">\n\t\t\t\t\t<div class=\"elementor-image-box-wrapper\"><figure class=\"elementor-image-box-img\"><a href=\"https:\/\/molitormusicschool.hu\/en\/sentiments-piano-duo\/\" tabindex=\"-1\"><img loading=\"lazy\" decoding=\"async\" width=\"150\" height=\"100\" src=\"https:\/\/molitormusicschool.hu\/wp-content\/uploads\/2024\/10\/6-150x100.png\" class=\"attachment-thumbnail size-thumbnail wp-image-2489\" alt=\"\" \/><\/a><\/figure><div class=\"elementor-image-box-content\"><h3 class=\"elementor-image-box-title\"><a href=\"https:\/\/molitormusicschool.hu\/en\/sentiments-piano-duo\/\">Sentiments<br>Piano Duo<\/a><\/h3><\/div><\/div>\t\t\t\t<\/div>\n\t\t\t\t<\/div>\n\t\t\t\t\t<\/div>\n\t\t<\/div>\n\t\t\t\t\t<\/div>\n\t\t<\/section>\n\t\t\t\t<\/div>","protected":false},"excerpt":{"rendered":"<p>Sentiments Piano Duo Bemutatkoz\u00f3 vide\u00f3nk C\u00edm Lorem ipsum dolor sit amet, consectetur adipiscing elit. Pellentesque vel nulla vel tortor porta aliquam. Duis sollicitudin magna vitae quam commodo, quis varius erat tincidunt. Phasellus condimentum velit ac mauris finibus, vel fermentum sem varius. Cras nec tortor at tellus luctus iaculis. Quisque porttitor elit erat, nec dignissim dolor [&hellip;]<\/p>","protected":false},"author":1,"featured_media":0,"parent":0,"menu_order":0,"comment_status":"closed","ping_status":"closed","template":"elementor_canvas","meta":{"footnotes":""},"class_list":["post-2172","page","type-page","status-publish","hentry"],"yoast_head":"<!-- This site is optimized with the Yoast SEO plugin v26.2 - https:\/\/yoast.com\/wordpress\/plugins\/seo\/ -->\n<title>Sentiments Piano Duo - Molitor Music School<\/title>\n<meta name=\"robots\" content=\"index, follow, max-snippet:-1, max-image-preview:large, max-video-preview:-1\" \/>\n<link rel=\"canonical\" href=\"https:\/\/molitormusicschool.hu\/en\/sentiments-piano-duo\/\" \/>\n<meta property=\"og:locale\" content=\"en_GB\" \/>\n<meta property=\"og:type\" content=\"article\" \/>\n<meta property=\"og:title\" content=\"Sentiments Piano Duo - Molitor Music School\" \/>\n<meta property=\"og:description\" content=\"Sentiments Piano Duo Bemutatkoz\u00f3 vide\u00f3nk C\u00edm Lorem ipsum dolor sit amet, consectetur adipiscing elit. Pellentesque vel nulla vel tortor porta aliquam. Duis sollicitudin magna vitae quam commodo, quis varius erat tincidunt. Phasellus condimentum velit ac mauris finibus, vel fermentum sem varius. Cras nec tortor at tellus luctus iaculis. Quisque porttitor elit erat, nec dignissim dolor [&hellip;]\" \/>\n<meta property=\"og:url\" content=\"https:\/\/molitormusicschool.hu\/en\/sentiments-piano-duo\/\" \/>\n<meta property=\"og:site_name\" content=\"Molitor Music School\" \/>\n<meta property=\"article:publisher\" content=\"https:\/\/www.facebook.com\/groups\/541437979253461\" \/>\n<meta property=\"article:modified_time\" content=\"2024-10-08T17:23:32+00:00\" \/>\n<meta property=\"og:image\" content=\"https:\/\/molitormusicschool.hu\/wp-content\/uploads\/2023\/01\/placeholder-49.png\" \/>\n<meta name=\"twitter:card\" content=\"summary_large_image\" \/>\n<meta name=\"twitter:label1\" content=\"Estimated reading time\" \/>\n\t<meta name=\"twitter:data1\" content=\"2 minutes\" \/>\n<script type=\"application\/ld+json\" class=\"yoast-schema-graph\">{\"@context\":\"https:\/\/schema.org\",\"@graph\":[{\"@type\":\"WebPage\",\"@id\":\"https:\/\/molitormusicschool.hu\/sentiments-piano-duo\/\",\"url\":\"https:\/\/molitormusicschool.hu\/sentiments-piano-duo\/\",\"name\":\"Sentiments Piano Duo - Molitor Music School\",\"isPartOf\":{\"@id\":\"https:\/\/molitormusicschool.hu\/#website\"},\"primaryImageOfPage\":{\"@id\":\"https:\/\/molitormusicschool.hu\/sentiments-piano-duo\/#primaryimage\"},\"image\":{\"@id\":\"https:\/\/molitormusicschool.hu\/sentiments-piano-duo\/#primaryimage\"},\"thumbnailUrl\":\"https:\/\/molitormusicschool.hu\/wp-content\/uploads\/2023\/01\/placeholder-49.png\",\"datePublished\":\"2024-09-12T17:37:02+00:00\",\"dateModified\":\"2024-10-08T17:23:32+00:00\",\"breadcrumb\":{\"@id\":\"https:\/\/molitormusicschool.hu\/sentiments-piano-duo\/#breadcrumb\"},\"inLanguage\":\"en-GB\",\"potentialAction\":[{\"@type\":\"ReadAction\",\"target\":[\"https:\/\/molitormusicschool.hu\/sentiments-piano-duo\/\"]}]},{\"@type\":\"ImageObject\",\"inLanguage\":\"en-GB\",\"@id\":\"https:\/\/molitormusicschool.hu\/sentiments-piano-duo\/#primaryimage\",\"url\":\"https:\/\/molitormusicschool.hu\/wp-content\/uploads\/2023\/01\/placeholder-49.png\",\"contentUrl\":\"https:\/\/molitormusicschool.hu\/wp-content\/uploads\/2023\/01\/placeholder-49.png\"},{\"@type\":\"BreadcrumbList\",\"@id\":\"https:\/\/molitormusicschool.hu\/sentiments-piano-duo\/#breadcrumb\",\"itemListElement\":[{\"@type\":\"ListItem\",\"position\":1,\"name\":\"Kezd\u0151lap\",\"item\":\"https:\/\/molitormusicschool.hu\/\"},{\"@type\":\"ListItem\",\"position\":2,\"name\":\"Sentiments Piano Duo\"}]},{\"@type\":\"WebSite\",\"@id\":\"https:\/\/molitormusicschool.hu\/#website\",\"url\":\"https:\/\/molitormusicschool.hu\/\",\"name\":\"Molitor Music School\",\"description\":\"\",\"publisher\":{\"@id\":\"https:\/\/molitormusicschool.hu\/#organization\"},\"potentialAction\":[{\"@type\":\"SearchAction\",\"target\":{\"@type\":\"EntryPoint\",\"urlTemplate\":\"https:\/\/molitormusicschool.hu\/?s={search_term_string}\"},\"query-input\":{\"@type\":\"PropertyValueSpecification\",\"valueRequired\":true,\"valueName\":\"search_term_string\"}}],\"inLanguage\":\"en-GB\"},{\"@type\":\"Organization\",\"@id\":\"https:\/\/molitormusicschool.hu\/#organization\",\"name\":\"Molitor Music School K\u00f6zhaszn\u00fa Nonprofit Kft.\",\"url\":\"https:\/\/molitormusicschool.hu\/\",\"logo\":{\"@type\":\"ImageObject\",\"inLanguage\":\"en-GB\",\"@id\":\"https:\/\/molitormusicschool.hu\/#\/schema\/logo\/image\/\",\"url\":\"https:\/\/molitormusicschool.hu\/wp-content\/uploads\/2023\/01\/logo-feher.png\",\"contentUrl\":\"https:\/\/molitormusicschool.hu\/wp-content\/uploads\/2023\/01\/logo-feher.png\",\"width\":400,\"height\":184,\"caption\":\"Molitor Music School K\u00f6zhaszn\u00fa Nonprofit Kft.\"},\"image\":{\"@id\":\"https:\/\/molitormusicschool.hu\/#\/schema\/logo\/image\/\"},\"sameAs\":[\"https:\/\/www.facebook.com\/groups\/541437979253461\",\"https:\/\/www.youtube.com\/playlist?list=PLdzTrYmjJtrECyQAHnw-JG4l5ZYOqX0nM\"]}]}<\/script>\n<!-- \/ Yoast SEO plugin. -->","yoast_head_json":{"title":"Sentiments Piano Duo - Molitor Music School","robots":{"index":"index","follow":"follow","max-snippet":"max-snippet:-1","max-image-preview":"max-image-preview:large","max-video-preview":"max-video-preview:-1"},"canonical":"https:\/\/molitormusicschool.hu\/en\/sentiments-piano-duo\/","og_locale":"en_GB","og_type":"article","og_title":"Sentiments Piano Duo - Molitor Music School","og_description":"Sentiments Piano Duo Bemutatkoz\u00f3 vide\u00f3nk C\u00edm Lorem ipsum dolor sit amet, consectetur adipiscing elit. Pellentesque vel nulla vel tortor porta aliquam. Duis sollicitudin magna vitae quam commodo, quis varius erat tincidunt. Phasellus condimentum velit ac mauris finibus, vel fermentum sem varius. Cras nec tortor at tellus luctus iaculis. Quisque porttitor elit erat, nec dignissim dolor [&hellip;]","og_url":"https:\/\/molitormusicschool.hu\/en\/sentiments-piano-duo\/","og_site_name":"Molitor Music School","article_publisher":"https:\/\/www.facebook.com\/groups\/541437979253461","article_modified_time":"2024-10-08T17:23:32+00:00","og_image":[{"url":"https:\/\/molitormusicschool.hu\/wp-content\/uploads\/2023\/01\/placeholder-49.png","type":"","width":"","height":""}],"twitter_card":"summary_large_image","twitter_misc":{"Estimated reading time":"2 minutes"},"schema":{"@context":"https:\/\/schema.org","@graph":[{"@type":"WebPage","@id":"https:\/\/molitormusicschool.hu\/sentiments-piano-duo\/","url":"https:\/\/molitormusicschool.hu\/sentiments-piano-duo\/","name":"Sentiments Piano Duo - Molitor Music School","isPartOf":{"@id":"https:\/\/molitormusicschool.hu\/#website"},"primaryImageOfPage":{"@id":"https:\/\/molitormusicschool.hu\/sentiments-piano-duo\/#primaryimage"},"image":{"@id":"https:\/\/molitormusicschool.hu\/sentiments-piano-duo\/#primaryimage"},"thumbnailUrl":"https:\/\/molitormusicschool.hu\/wp-content\/uploads\/2023\/01\/placeholder-49.png","datePublished":"2024-09-12T17:37:02+00:00","dateModified":"2024-10-08T17:23:32+00:00","breadcrumb":{"@id":"https:\/\/molitormusicschool.hu\/sentiments-piano-duo\/#breadcrumb"},"inLanguage":"en-GB","potentialAction":[{"@type":"ReadAction","target":["https:\/\/molitormusicschool.hu\/sentiments-piano-duo\/"]}]},{"@type":"ImageObject","inLanguage":"en-GB","@id":"https:\/\/molitormusicschool.hu\/sentiments-piano-duo\/#primaryimage","url":"https:\/\/molitormusicschool.hu\/wp-content\/uploads\/2023\/01\/placeholder-49.png","contentUrl":"https:\/\/molitormusicschool.hu\/wp-content\/uploads\/2023\/01\/placeholder-49.png"},{"@type":"BreadcrumbList","@id":"https:\/\/molitormusicschool.hu\/sentiments-piano-duo\/#breadcrumb","itemListElement":[{"@type":"ListItem","position":1,"name":"Kezd\u0151lap","item":"https:\/\/molitormusicschool.hu\/"},{"@type":"ListItem","position":2,"name":"Sentiments Piano Duo"}]},{"@type":"WebSite","@id":"https:\/\/molitormusicschool.hu\/#website","url":"https:\/\/molitormusicschool.hu\/","name":"Molitor Music School","description":"","publisher":{"@id":"https:\/\/molitormusicschool.hu\/#organization"},"potentialAction":[{"@type":"SearchAction","target":{"@type":"EntryPoint","urlTemplate":"https:\/\/molitormusicschool.hu\/?s={search_term_string}"},"query-input":{"@type":"PropertyValueSpecification","valueRequired":true,"valueName":"search_term_string"}}],"inLanguage":"en-GB"},{"@type":"Organization","@id":"https:\/\/molitormusicschool.hu\/#organization","name":"Molitor Music School K\u00f6zhaszn\u00fa Nonprofit Kft.","url":"https:\/\/molitormusicschool.hu\/","logo":{"@type":"ImageObject","inLanguage":"en-GB","@id":"https:\/\/molitormusicschool.hu\/#\/schema\/logo\/image\/","url":"https:\/\/molitormusicschool.hu\/wp-content\/uploads\/2023\/01\/logo-feher.png","contentUrl":"https:\/\/molitormusicschool.hu\/wp-content\/uploads\/2023\/01\/logo-feher.png","width":400,"height":184,"caption":"Molitor Music School K\u00f6zhaszn\u00fa Nonprofit Kft."},"image":{"@id":"https:\/\/molitormusicschool.hu\/#\/schema\/logo\/image\/"},"sameAs":["https:\/\/www.facebook.com\/groups\/541437979253461","https:\/\/www.youtube.com\/playlist?list=PLdzTrYmjJtrECyQAHnw-JG4l5ZYOqX0nM"]}]}},"_links":{"self":[{"href":"https:\/\/molitormusicschool.hu\/en\/wp-json\/wp\/v2\/pages\/2172","targetHints":{"allow":["GET"]}}],"collection":[{"href":"https:\/\/molitormusicschool.hu\/en\/wp-json\/wp\/v2\/pages"}],"about":[{"href":"https:\/\/molitormusicschool.hu\/en\/wp-json\/wp\/v2\/types\/page"}],"author":[{"embeddable":true,"href":"https:\/\/molitormusicschool.hu\/en\/wp-json\/wp\/v2\/users\/1"}],"replies":[{"embeddable":true,"href":"https:\/\/molitormusicschool.hu\/en\/wp-json\/wp\/v2\/comments?post=2172"}],"version-history":[{"count":67,"href":"https:\/\/molitormusicschool.hu\/en\/wp-json\/wp\/v2\/pages\/2172\/revisions"}],"predecessor-version":[{"id":2536,"href":"https:\/\/molitormusicschool.hu\/en\/wp-json\/wp\/v2\/pages\/2172\/revisions\/2536"}],"wp:attachment":[{"href":"https:\/\/molitormusicschool.hu\/en\/wp-json\/wp\/v2\/media?parent=2172"}],"curies":[{"name":"wp","href":"https:\/\/api.w.org\/{rel}","templated":true}]}}