{"id":2592,"date":"2024-11-25T12:57:32","date_gmt":"2024-11-25T11:57:32","guid":{"rendered":"https:\/\/molitormusicschool.hu\/?page_id=2592"},"modified":"2024-11-25T15:45:29","modified_gmt":"2024-11-25T14:45:29","slug":"support","status":"publish","type":"page","link":"https:\/\/molitormusicschool.hu\/en\/singing-lawyers\/support\/","title":{"rendered":"Support"},"content":{"rendered":"<div data-elementor-type=\"wp-page\" data-elementor-id=\"2592\" class=\"elementor elementor-2592\" data-elementor-post-type=\"page\">\n\t\t\t\t\t\t<section class=\"elementor-section elementor-top-section elementor-element elementor-element-b1468fc elementor-section-height-min-height elementor-section-boxed elementor-section-height-default elementor-section-items-middle\" data-id=\"b1468fc\" data-element_type=\"section\" data-e-type=\"section\" data-settings=\"{&quot;background_background&quot;:&quot;classic&quot;,&quot;shape_divider_bottom&quot;:&quot;mountains&quot;}\">\n\t\t\t\t\t\t\t<div class=\"elementor-background-overlay\"><\/div>\n\t\t\t\t\t\t<div class=\"elementor-shape elementor-shape-bottom\" aria-hidden=\"true\" data-negative=\"false\">\n\t\t\t<svg xmlns=\"http:\/\/www.w3.org\/2000\/svg\" viewbox=\"0 0 1000 100\" preserveaspectratio=\"none\">\n\t<path class=\"elementor-shape-fill\" opacity=\"0.33\" d=\"M473,67.3c-203.9,88.3-263.1-34-320.3,0C66,119.1,0,59.7,0,59.7V0h1000v59.7 c0,0-62.1,26.1-94.9,29.3c-32.8,3.3-62.8-12.3-75.8-22.1C806,49.6,745.3,8.7,694.9,4.7S492.4,59,473,67.3z\"\/>\n\t<path class=\"elementor-shape-fill\" opacity=\"0.66\" d=\"M734,67.3c-45.5,0-77.2-23.2-129.1-39.1c-28.6-8.7-150.3-10.1-254,39.1 s-91.7-34.4-149.2,0C115.7,118.3,0,39.8,0,39.8V0h1000v36.5c0,0-28.2-18.5-92.1-18.5C810.2,18.1,775.7,67.3,734,67.3z\"\/>\n\t<path class=\"elementor-shape-fill\" d=\"M766.1,28.9c-200-57.5-266,65.5-395.1,19.5C242,1.8,242,5.4,184.8,20.6C128,35.8,132.3,44.9,89.9,52.5C28.6,63.7,0,0,0,0 h1000c0,0-9.9,40.9-83.6,48.1S829.6,47,766.1,28.9z\"\/>\n<\/svg>\t\t<\/div>\n\t\t\t\t\t<div class=\"elementor-container elementor-column-gap-default\">\n\t\t\t\t\t<div class=\"elementor-column elementor-col-100 elementor-top-column elementor-element elementor-element-84bbbf5\" data-id=\"84bbbf5\" data-element_type=\"column\" data-e-type=\"column\">\n\t\t\t<div class=\"elementor-widget-wrap elementor-element-populated\">\n\t\t\t\t\t\t<div class=\"elementor-element elementor-element-8d468b7 elementor-widget elementor-widget-heading\" data-id=\"8d468b7\" data-element_type=\"widget\" data-e-type=\"widget\" data-widget_type=\"heading.default\">\n\t\t\t\t<div class=\"elementor-widget-container\">\n\t\t\t\t\t<h2 class=\"elementor-heading-title elementor-size-default\">Support<\/h2>\t\t\t\t<\/div>\n\t\t\t\t<\/div>\n\t\t\t\t\t<\/div>\n\t\t<\/div>\n\t\t\t\t\t<\/div>\n\t\t<\/section>\n\t\t\t\t<section class=\"elementor-section elementor-top-section elementor-element elementor-element-2209c9c elementor-section-boxed elementor-section-height-default elementor-section-height-default\" data-id=\"2209c9c\" data-element_type=\"section\" data-e-type=\"section\" data-settings=\"{&quot;background_background&quot;:&quot;classic&quot;}\">\n\t\t\t\t\t\t\t<div class=\"elementor-background-overlay\"><\/div>\n\t\t\t\t\t\t\t<div class=\"elementor-container elementor-column-gap-default\">\n\t\t\t\t\t<div class=\"elementor-column elementor-col-100 elementor-top-column elementor-element elementor-element-208f3db\" data-id=\"208f3db\" data-element_type=\"column\" data-e-type=\"column\">\n\t\t\t<div class=\"elementor-widget-wrap elementor-element-populated\">\n\t\t\t\t\t\t<div class=\"elementor-element elementor-element-a6998b4 elementor-widget__width-initial elementor-widget elementor-widget-heading\" data-id=\"a6998b4\" data-element_type=\"widget\" data-e-type=\"widget\" data-widget_type=\"heading.default\">\n\t\t\t\t<div class=\"elementor-widget-container\">\n\t\t\t\t\t<h2 class=\"elementor-heading-title elementor-size-default\">Our supporters so far<\/h2>\t\t\t\t<\/div>\n\t\t\t\t<\/div>\n\t\t\t\t<div class=\"elementor-element elementor-element-306d336 elementor-widget__width-initial elementor-widget elementor-widget-text-editor\" data-id=\"306d336\" data-element_type=\"widget\" data-e-type=\"widget\" data-widget_type=\"text-editor.default\">\n\t\t\t\t<div class=\"elementor-widget-container\">\n\t\t\t\t\t\t\t\t\t<p>A k\u00f6zhaszn\u00fa nonprofit tev\u00e9kenys\u00e9g\u00fcnkh\u00f6z elengedhetetlen\u00fcl sz\u00fcks\u00e9gesek a t\u00e1mogat\u00f3ink felaj\u00e1nl\u00e1sai, melyek n\u00e9lk\u00fcl sokkal kevesebb \u00e9lm\u00e9nyt tudn\u00e1nk biztos\u00edtani.<\/p>\t\t\t\t\t\t\t\t<\/div>\n\t\t\t\t<\/div>\n\t\t\t\t<section class=\"elementor-section elementor-inner-section elementor-element elementor-element-38e5f95 elementor-section-boxed elementor-section-height-default elementor-section-height-default\" data-id=\"38e5f95\" data-element_type=\"section\" data-e-type=\"section\">\n\t\t\t\t\t\t<div class=\"elementor-container elementor-column-gap-default\">\n\t\t\t\t\t<div class=\"elementor-column elementor-col-50 elementor-inner-column elementor-element elementor-element-aef0634\" data-id=\"aef0634\" data-element_type=\"column\" data-e-type=\"column\" data-settings=\"{&quot;background_background&quot;:&quot;gradient&quot;}\">\n\t\t\t<div class=\"elementor-widget-wrap elementor-element-populated\">\n\t\t\t\t\t\t<div class=\"elementor-element elementor-element-9699760 elementor-widget elementor-widget-image\" data-id=\"9699760\" data-element_type=\"widget\" data-e-type=\"widget\" data-widget_type=\"image.default\">\n\t\t\t\t<div class=\"elementor-widget-container\">\n\t\t\t\t\t\t\t\t\t\t\t\t\t\t\t<img fetchpriority=\"high\" decoding=\"async\" width=\"620\" height=\"140\" src=\"https:\/\/molitormusicschool.hu\/wp-content\/uploads\/2024\/11\/lkt-logo-tr.png\" class=\"attachment-full size-full wp-image-2613\" alt=\"\" srcset=\"https:\/\/molitormusicschool.hu\/wp-content\/uploads\/2024\/11\/lkt-logo-tr.png 620w, https:\/\/molitormusicschool.hu\/wp-content\/uploads\/2024\/11\/lkt-logo-tr-18x4.png 18w\" sizes=\"(max-width: 620px) 100vw, 620px\" \/>\t\t\t\t\t\t\t\t\t\t\t\t\t\t\t<\/div>\n\t\t\t\t<\/div>\n\t\t\t\t\t<\/div>\n\t\t<\/div>\n\t\t\t\t<div class=\"elementor-column elementor-col-50 elementor-inner-column elementor-element elementor-element-36af7b9\" data-id=\"36af7b9\" data-element_type=\"column\" data-e-type=\"column\" data-settings=\"{&quot;background_background&quot;:&quot;gradient&quot;}\">\n\t\t\t<div class=\"elementor-widget-wrap elementor-element-populated\">\n\t\t\t\t\t\t<div class=\"elementor-element elementor-element-5adc122 elementor-widget elementor-widget-text-editor\" data-id=\"5adc122\" data-element_type=\"widget\" data-e-type=\"widget\" data-widget_type=\"text-editor.default\">\n\t\t\t\t<div class=\"elementor-widget-container\">\n\t\t\t\t\t\t\t\t\t<p>Lakatos P\u00e9ter<\/p>\t\t\t\t\t\t\t\t<\/div>\n\t\t\t\t<\/div>\n\t\t\t\t\t<\/div>\n\t\t<\/div>\n\t\t\t\t\t<\/div>\n\t\t<\/section>\n\t\t\t\t\t<\/div>\n\t\t<\/div>\n\t\t\t\t\t<\/div>\n\t\t<\/section>\n\t\t\t\t<\/div>","protected":false},"excerpt":{"rendered":"<p>T\u00e1mogat\u00e1sok Eddigi t\u00e1mogat\u00f3ink A k\u00f6zhaszn\u00fa nonprofit tev\u00e9kenys\u00e9g\u00fcnkh\u00f6z elengedhetetlen\u00fcl sz\u00fcks\u00e9gesek a t\u00e1mogat\u00f3ink felaj\u00e1nl\u00e1sai, melyek n\u00e9lk\u00fcl sokkal kevesebb \u00e9lm\u00e9nyt tudn\u00e1nk biztos\u00edtani. Lakatos P\u00e9ter<\/p>","protected":false},"author":1,"featured_media":0,"parent":2176,"menu_order":0,"comment_status":"closed","ping_status":"closed","template":"","meta":{"footnotes":""},"class_list":["post-2592","page","type-page","status-publish","hentry"],"yoast_head":"<!-- This site is optimized with the Yoast SEO plugin v26.2 - https:\/\/yoast.com\/wordpress\/plugins\/seo\/ -->\n<title>T\u00e1mogat\u00e1sok - Molitor Music School<\/title>\n<meta name=\"robots\" content=\"index, follow, max-snippet:-1, max-image-preview:large, max-video-preview:-1\" \/>\n<link rel=\"canonical\" href=\"https:\/\/molitormusicschool.hu\/en\/singing-lawyers\/support\/\" \/>\n<meta property=\"og:locale\" content=\"en_GB\" \/>\n<meta property=\"og:type\" content=\"article\" \/>\n<meta property=\"og:title\" content=\"T\u00e1mogat\u00e1sok - Molitor Music School\" \/>\n<meta property=\"og:description\" content=\"T\u00e1mogat\u00e1sok Eddigi t\u00e1mogat\u00f3ink A k\u00f6zhaszn\u00fa nonprofit tev\u00e9kenys\u00e9g\u00fcnkh\u00f6z elengedhetetlen\u00fcl sz\u00fcks\u00e9gesek a t\u00e1mogat\u00f3ink felaj\u00e1nl\u00e1sai, melyek n\u00e9lk\u00fcl sokkal kevesebb \u00e9lm\u00e9nyt tudn\u00e1nk biztos\u00edtani. Lakatos P\u00e9ter\" \/>\n<meta property=\"og:url\" content=\"https:\/\/molitormusicschool.hu\/en\/singing-lawyers\/support\/\" \/>\n<meta property=\"og:site_name\" content=\"Molitor Music School\" \/>\n<meta property=\"article:publisher\" content=\"https:\/\/www.facebook.com\/groups\/541437979253461\" \/>\n<meta property=\"article:modified_time\" content=\"2024-11-25T14:45:29+00:00\" \/>\n<meta property=\"og:image\" content=\"https:\/\/molitormusicschool.hu\/wp-content\/uploads\/2024\/11\/lkt-logo-tr.png\" \/>\n\t<meta property=\"og:image:width\" content=\"620\" \/>\n\t<meta property=\"og:image:height\" content=\"140\" \/>\n\t<meta property=\"og:image:type\" content=\"image\/png\" \/>\n<meta name=\"twitter:card\" content=\"summary_large_image\" \/>\n<meta name=\"twitter:label1\" content=\"Estimated reading time\" \/>\n\t<meta name=\"twitter:data1\" content=\"1 minute\" \/>\n<script type=\"application\/ld+json\" class=\"yoast-schema-graph\">{\"@context\":\"https:\/\/schema.org\",\"@graph\":[{\"@type\":\"WebPage\",\"@id\":\"https:\/\/molitormusicschool.hu\/singing-lawyers\/tamogatasok\/\",\"url\":\"https:\/\/molitormusicschool.hu\/singing-lawyers\/tamogatasok\/\",\"name\":\"T\u00e1mogat\u00e1sok - Molitor Music School\",\"isPartOf\":{\"@id\":\"https:\/\/molitormusicschool.hu\/#website\"},\"primaryImageOfPage\":{\"@id\":\"https:\/\/molitormusicschool.hu\/singing-lawyers\/tamogatasok\/#primaryimage\"},\"image\":{\"@id\":\"https:\/\/molitormusicschool.hu\/singing-lawyers\/tamogatasok\/#primaryimage\"},\"thumbnailUrl\":\"https:\/\/molitormusicschool.hu\/wp-content\/uploads\/2024\/11\/lkt-logo-tr.png\",\"datePublished\":\"2024-11-25T11:57:32+00:00\",\"dateModified\":\"2024-11-25T14:45:29+00:00\",\"breadcrumb\":{\"@id\":\"https:\/\/molitormusicschool.hu\/singing-lawyers\/tamogatasok\/#breadcrumb\"},\"inLanguage\":\"en-GB\",\"potentialAction\":[{\"@type\":\"ReadAction\",\"target\":[\"https:\/\/molitormusicschool.hu\/singing-lawyers\/tamogatasok\/\"]}]},{\"@type\":\"ImageObject\",\"inLanguage\":\"en-GB\",\"@id\":\"https:\/\/molitormusicschool.hu\/singing-lawyers\/tamogatasok\/#primaryimage\",\"url\":\"https:\/\/molitormusicschool.hu\/wp-content\/uploads\/2024\/11\/lkt-logo-tr.png\",\"contentUrl\":\"https:\/\/molitormusicschool.hu\/wp-content\/uploads\/2024\/11\/lkt-logo-tr.png\"},{\"@type\":\"BreadcrumbList\",\"@id\":\"https:\/\/molitormusicschool.hu\/singing-lawyers\/tamogatasok\/#breadcrumb\",\"itemListElement\":[{\"@type\":\"ListItem\",\"position\":1,\"name\":\"Kezd\u0151lap\",\"item\":\"https:\/\/molitormusicschool.hu\/\"},{\"@type\":\"ListItem\",\"position\":2,\"name\":\"Singing Lawyers\",\"item\":\"https:\/\/molitormusicschool.hu\/singing-lawyers\/\"},{\"@type\":\"ListItem\",\"position\":3,\"name\":\"T\u00e1mogat\u00e1sok\"}]},{\"@type\":\"WebSite\",\"@id\":\"https:\/\/molitormusicschool.hu\/#website\",\"url\":\"https:\/\/molitormusicschool.hu\/\",\"name\":\"Molitor Music School\",\"description\":\"\",\"publisher\":{\"@id\":\"https:\/\/molitormusicschool.hu\/#organization\"},\"potentialAction\":[{\"@type\":\"SearchAction\",\"target\":{\"@type\":\"EntryPoint\",\"urlTemplate\":\"https:\/\/molitormusicschool.hu\/?s={search_term_string}\"},\"query-input\":{\"@type\":\"PropertyValueSpecification\",\"valueRequired\":true,\"valueName\":\"search_term_string\"}}],\"inLanguage\":\"en-GB\"},{\"@type\":\"Organization\",\"@id\":\"https:\/\/molitormusicschool.hu\/#organization\",\"name\":\"Molitor Music School K\u00f6zhaszn\u00fa Nonprofit Kft.\",\"url\":\"https:\/\/molitormusicschool.hu\/\",\"logo\":{\"@type\":\"ImageObject\",\"inLanguage\":\"en-GB\",\"@id\":\"https:\/\/molitormusicschool.hu\/#\/schema\/logo\/image\/\",\"url\":\"https:\/\/molitormusicschool.hu\/wp-content\/uploads\/2023\/01\/logo-feher.png\",\"contentUrl\":\"https:\/\/molitormusicschool.hu\/wp-content\/uploads\/2023\/01\/logo-feher.png\",\"width\":400,\"height\":184,\"caption\":\"Molitor Music School K\u00f6zhaszn\u00fa Nonprofit Kft.\"},\"image\":{\"@id\":\"https:\/\/molitormusicschool.hu\/#\/schema\/logo\/image\/\"},\"sameAs\":[\"https:\/\/www.facebook.com\/groups\/541437979253461\",\"https:\/\/www.youtube.com\/playlist?list=PLdzTrYmjJtrECyQAHnw-JG4l5ZYOqX0nM\"]}]}<\/script>\n<!-- \/ Yoast SEO plugin. -->","yoast_head_json":{"title":"Support - Molitor Music School","robots":{"index":"index","follow":"follow","max-snippet":"max-snippet:-1","max-image-preview":"max-image-preview:large","max-video-preview":"max-video-preview:-1"},"canonical":"https:\/\/molitormusicschool.hu\/en\/singing-lawyers\/support\/","og_locale":"en_GB","og_type":"article","og_title":"T\u00e1mogat\u00e1sok - Molitor Music School","og_description":"T\u00e1mogat\u00e1sok Eddigi t\u00e1mogat\u00f3ink A k\u00f6zhaszn\u00fa nonprofit tev\u00e9kenys\u00e9g\u00fcnkh\u00f6z elengedhetetlen\u00fcl sz\u00fcks\u00e9gesek a t\u00e1mogat\u00f3ink felaj\u00e1nl\u00e1sai, melyek n\u00e9lk\u00fcl sokkal kevesebb \u00e9lm\u00e9nyt tudn\u00e1nk biztos\u00edtani. Lakatos P\u00e9ter","og_url":"https:\/\/molitormusicschool.hu\/en\/singing-lawyers\/support\/","og_site_name":"Molitor Music School","article_publisher":"https:\/\/www.facebook.com\/groups\/541437979253461","article_modified_time":"2024-11-25T14:45:29+00:00","og_image":[{"width":620,"height":140,"url":"https:\/\/molitormusicschool.hu\/wp-content\/uploads\/2024\/11\/lkt-logo-tr.png","type":"image\/png"}],"twitter_card":"summary_large_image","twitter_misc":{"Estimated reading time":"1 minute"},"schema":{"@context":"https:\/\/schema.org","@graph":[{"@type":"WebPage","@id":"https:\/\/molitormusicschool.hu\/singing-lawyers\/tamogatasok\/","url":"https:\/\/molitormusicschool.hu\/singing-lawyers\/tamogatasok\/","name":"Support - Molitor Music School","isPartOf":{"@id":"https:\/\/molitormusicschool.hu\/#website"},"primaryImageOfPage":{"@id":"https:\/\/molitormusicschool.hu\/singing-lawyers\/tamogatasok\/#primaryimage"},"image":{"@id":"https:\/\/molitormusicschool.hu\/singing-lawyers\/tamogatasok\/#primaryimage"},"thumbnailUrl":"https:\/\/molitormusicschool.hu\/wp-content\/uploads\/2024\/11\/lkt-logo-tr.png","datePublished":"2024-11-25T11:57:32+00:00","dateModified":"2024-11-25T14:45:29+00:00","breadcrumb":{"@id":"https:\/\/molitormusicschool.hu\/singing-lawyers\/tamogatasok\/#breadcrumb"},"inLanguage":"en-GB","potentialAction":[{"@type":"ReadAction","target":["https:\/\/molitormusicschool.hu\/singing-lawyers\/tamogatasok\/"]}]},{"@type":"ImageObject","inLanguage":"en-GB","@id":"https:\/\/molitormusicschool.hu\/singing-lawyers\/tamogatasok\/#primaryimage","url":"https:\/\/molitormusicschool.hu\/wp-content\/uploads\/2024\/11\/lkt-logo-tr.png","contentUrl":"https:\/\/molitormusicschool.hu\/wp-content\/uploads\/2024\/11\/lkt-logo-tr.png"},{"@type":"BreadcrumbList","@id":"https:\/\/molitormusicschool.hu\/singing-lawyers\/tamogatasok\/#breadcrumb","itemListElement":[{"@type":"ListItem","position":1,"name":"Kezd\u0151lap","item":"https:\/\/molitormusicschool.hu\/"},{"@type":"ListItem","position":2,"name":"Singing Lawyers","item":"https:\/\/molitormusicschool.hu\/singing-lawyers\/"},{"@type":"ListItem","position":3,"name":"T\u00e1mogat\u00e1sok"}]},{"@type":"WebSite","@id":"https:\/\/molitormusicschool.hu\/#website","url":"https:\/\/molitormusicschool.hu\/","name":"Molitor Music School","description":"","publisher":{"@id":"https:\/\/molitormusicschool.hu\/#organization"},"potentialAction":[{"@type":"SearchAction","target":{"@type":"EntryPoint","urlTemplate":"https:\/\/molitormusicschool.hu\/?s={search_term_string}"},"query-input":{"@type":"PropertyValueSpecification","valueRequired":true,"valueName":"search_term_string"}}],"inLanguage":"en-GB"},{"@type":"Organization","@id":"https:\/\/molitormusicschool.hu\/#organization","name":"Molitor Music School K\u00f6zhaszn\u00fa Nonprofit Kft.","url":"https:\/\/molitormusicschool.hu\/","logo":{"@type":"ImageObject","inLanguage":"en-GB","@id":"https:\/\/molitormusicschool.hu\/#\/schema\/logo\/image\/","url":"https:\/\/molitormusicschool.hu\/wp-content\/uploads\/2023\/01\/logo-feher.png","contentUrl":"https:\/\/molitormusicschool.hu\/wp-content\/uploads\/2023\/01\/logo-feher.png","width":400,"height":184,"caption":"Molitor Music School K\u00f6zhaszn\u00fa Nonprofit Kft."},"image":{"@id":"https:\/\/molitormusicschool.hu\/#\/schema\/logo\/image\/"},"sameAs":["https:\/\/www.facebook.com\/groups\/541437979253461","https:\/\/www.youtube.com\/playlist?list=PLdzTrYmjJtrECyQAHnw-JG4l5ZYOqX0nM"]}]}},"_links":{"self":[{"href":"https:\/\/molitormusicschool.hu\/en\/wp-json\/wp\/v2\/pages\/2592","targetHints":{"allow":["GET"]}}],"collection":[{"href":"https:\/\/molitormusicschool.hu\/en\/wp-json\/wp\/v2\/pages"}],"about":[{"href":"https:\/\/molitormusicschool.hu\/en\/wp-json\/wp\/v2\/types\/page"}],"author":[{"embeddable":true,"href":"https:\/\/molitormusicschool.hu\/en\/wp-json\/wp\/v2\/users\/1"}],"replies":[{"embeddable":true,"href":"https:\/\/molitormusicschool.hu\/en\/wp-json\/wp\/v2\/comments?post=2592"}],"version-history":[{"count":28,"href":"https:\/\/molitormusicschool.hu\/en\/wp-json\/wp\/v2\/pages\/2592\/revisions"}],"predecessor-version":[{"id":2790,"href":"https:\/\/molitormusicschool.hu\/en\/wp-json\/wp\/v2\/pages\/2592\/revisions\/2790"}],"up":[{"embeddable":true,"href":"https:\/\/molitormusicschool.hu\/en\/wp-json\/wp\/v2\/pages\/2176"}],"wp:attachment":[{"href":"https:\/\/molitormusicschool.hu\/en\/wp-json\/wp\/v2\/media?parent=2592"}],"curies":[{"name":"wp","href":"https:\/\/api.w.org\/{rel}","templated":true}]}}