{"id":2620,"date":"2024-11-25T11:59:00","date_gmt":"2024-11-25T10:59:00","guid":{"rendered":"https:\/\/molitormusicschool.hu\/?page_id=2620"},"modified":"2025-08-05T11:21:19","modified_gmt":"2025-08-05T09:21:19","slug":"about-us","status":"publish","type":"page","link":"https:\/\/molitormusicschool.hu\/en\/singing-lawyers\/about-us\/","title":{"rendered":"About us"},"content":{"rendered":"<div data-elementor-type=\"wp-page\" data-elementor-id=\"2620\" class=\"elementor elementor-2620\" data-elementor-post-type=\"page\">\n\t\t\t\t\t\t<section class=\"elementor-section elementor-top-section elementor-element elementor-element-80b11b8 elementor-section-height-min-height elementor-section-boxed elementor-section-height-default elementor-section-items-middle\" data-id=\"80b11b8\" data-element_type=\"section\" data-e-type=\"section\" data-settings=\"{&quot;background_background&quot;:&quot;classic&quot;,&quot;shape_divider_bottom&quot;:&quot;mountains&quot;}\">\n\t\t\t\t\t\t\t<div class=\"elementor-background-overlay\"><\/div>\n\t\t\t\t\t\t<div class=\"elementor-shape elementor-shape-bottom\" aria-hidden=\"true\" data-negative=\"false\">\n\t\t\t<svg xmlns=\"http:\/\/www.w3.org\/2000\/svg\" viewbox=\"0 0 1000 100\" preserveaspectratio=\"none\">\n\t<path class=\"elementor-shape-fill\" opacity=\"0.33\" d=\"M473,67.3c-203.9,88.3-263.1-34-320.3,0C66,119.1,0,59.7,0,59.7V0h1000v59.7 c0,0-62.1,26.1-94.9,29.3c-32.8,3.3-62.8-12.3-75.8-22.1C806,49.6,745.3,8.7,694.9,4.7S492.4,59,473,67.3z\"\/>\n\t<path class=\"elementor-shape-fill\" opacity=\"0.66\" d=\"M734,67.3c-45.5,0-77.2-23.2-129.1-39.1c-28.6-8.7-150.3-10.1-254,39.1 s-91.7-34.4-149.2,0C115.7,118.3,0,39.8,0,39.8V0h1000v36.5c0,0-28.2-18.5-92.1-18.5C810.2,18.1,775.7,67.3,734,67.3z\"\/>\n\t<path class=\"elementor-shape-fill\" d=\"M766.1,28.9c-200-57.5-266,65.5-395.1,19.5C242,1.8,242,5.4,184.8,20.6C128,35.8,132.3,44.9,89.9,52.5C28.6,63.7,0,0,0,0 h1000c0,0-9.9,40.9-83.6,48.1S829.6,47,766.1,28.9z\"\/>\n<\/svg>\t\t<\/div>\n\t\t\t\t\t<div class=\"elementor-container elementor-column-gap-default\">\n\t\t\t\t\t<div class=\"elementor-column elementor-col-100 elementor-top-column elementor-element elementor-element-f6f5348\" data-id=\"f6f5348\" data-element_type=\"column\" data-e-type=\"column\">\n\t\t\t<div class=\"elementor-widget-wrap elementor-element-populated\">\n\t\t\t\t\t\t<div class=\"elementor-element elementor-element-671c6ba elementor-widget elementor-widget-heading\" data-id=\"671c6ba\" data-element_type=\"widget\" data-e-type=\"widget\" data-widget_type=\"heading.default\">\n\t\t\t\t<div class=\"elementor-widget-container\">\n\t\t\t\t\t<h2 class=\"elementor-heading-title elementor-size-default\">About us<\/h2>\t\t\t\t<\/div>\n\t\t\t\t<\/div>\n\t\t\t\t\t<\/div>\n\t\t<\/div>\n\t\t\t\t\t<\/div>\n\t\t<\/section>\n\t\t\t\t<section class=\"elementor-section elementor-top-section elementor-element elementor-element-200dbed elementor-section-boxed elementor-section-height-default elementor-section-height-default\" data-id=\"200dbed\" data-element_type=\"section\" data-e-type=\"section\">\n\t\t\t\t\t\t<div class=\"elementor-container elementor-column-gap-default\">\n\t\t\t\t\t<div class=\"elementor-column elementor-col-100 elementor-top-column elementor-element elementor-element-799a724\" data-id=\"799a724\" data-element_type=\"column\" data-e-type=\"column\">\n\t\t\t<div class=\"elementor-widget-wrap elementor-element-populated\">\n\t\t\t\t\t\t<div class=\"elementor-element elementor-element-362e34d elementor-widget elementor-widget-heading\" data-id=\"362e34d\" data-element_type=\"widget\" data-e-type=\"widget\" data-widget_type=\"heading.default\">\n\t\t\t\t<div class=\"elementor-widget-container\">\n\t\t\t\t\t<h2 class=\"elementor-heading-title elementor-size-default\"> New Musical Club and Choir for Lawyers and Law Students<\/h2>\t\t\t\t<\/div>\n\t\t\t\t<\/div>\n\t\t\t\t<div class=\"elementor-element elementor-element-79f4646 elementor-widget elementor-widget-heading\" data-id=\"79f4646\" data-element_type=\"widget\" data-e-type=\"widget\" data-widget_type=\"heading.default\">\n\t\t\t\t<div class=\"elementor-widget-container\">\n\t\t\t\t\t<h3 class=\"elementor-heading-title elementor-size-default\">Public introduction in 2025 at St. Stephen\u2019s Basilica<\/h3>\t\t\t\t<\/div>\n\t\t\t\t<\/div>\n\t\t\t\t\t<\/div>\n\t\t<\/div>\n\t\t\t\t\t<\/div>\n\t\t<\/section>\n\t\t\t\t<section class=\"elementor-section elementor-top-section elementor-element elementor-element-adbe8d6 elementor-section-content-middle elementor-section-boxed elementor-section-height-default elementor-section-height-default\" data-id=\"adbe8d6\" data-element_type=\"section\" data-e-type=\"section\">\n\t\t\t\t\t\t<div class=\"elementor-container elementor-column-gap-default\">\n\t\t\t\t\t<div class=\"elementor-column elementor-col-50 elementor-top-column elementor-element elementor-element-a50116d\" data-id=\"a50116d\" data-element_type=\"column\" data-e-type=\"column\">\n\t\t\t<div class=\"elementor-widget-wrap elementor-element-populated\">\n\t\t\t\t\t\t<div class=\"elementor-element elementor-element-3ee6966 elementor-widget elementor-widget-image\" data-id=\"3ee6966\" data-element_type=\"widget\" data-e-type=\"widget\" data-widget_type=\"image.default\">\n\t\t\t\t<div class=\"elementor-widget-container\">\n\t\t\t\t\t\t\t\t\t\t\t\t\t\t\t<img fetchpriority=\"high\" decoding=\"async\" width=\"960\" height=\"640\" src=\"https:\/\/molitormusicschool.hu\/wp-content\/uploads\/2024\/10\/church-tomoritett.jpg\" class=\"attachment-full size-full wp-image-2439\" alt=\"\" srcset=\"https:\/\/molitormusicschool.hu\/wp-content\/uploads\/2024\/10\/church-tomoritett.jpg 960w, https:\/\/molitormusicschool.hu\/wp-content\/uploads\/2024\/10\/church-tomoritett-700x467.jpg 700w, https:\/\/molitormusicschool.hu\/wp-content\/uploads\/2024\/10\/church-tomoritett-768x512.jpg 768w, https:\/\/molitormusicschool.hu\/wp-content\/uploads\/2024\/10\/church-tomoritett-18x12.jpg 18w\" sizes=\"(max-width: 960px) 100vw, 960px\" \/>\t\t\t\t\t\t\t\t\t\t\t\t\t\t\t<\/div>\n\t\t\t\t<\/div>\n\t\t\t\t\t<\/div>\n\t\t<\/div>\n\t\t\t\t<div class=\"elementor-column elementor-col-50 elementor-top-column elementor-element elementor-element-3771015\" data-id=\"3771015\" data-element_type=\"column\" data-e-type=\"column\">\n\t\t\t<div class=\"elementor-widget-wrap elementor-element-populated\">\n\t\t\t\t\t\t<div class=\"elementor-element elementor-element-4c94ca8 elementor-widget elementor-widget-text-editor\" data-id=\"4c94ca8\" data-element_type=\"widget\" data-e-type=\"widget\" data-widget_type=\"text-editor.default\">\n\t\t\t\t<div class=\"elementor-widget-container\">\n\t\t\t\t\t\t\t\t\t<p><a href=\"https:\/\/molitormusicschool.hu\/en\/molitor-eva\/\">\u00c9va Molitor<\/a> m\u0171v\u00e9szeti vezet\u0151 , aki a Budapesti \u00dcgyv\u00e9di Kamara Pr\u00f3k\u00e1-Torok k\u00f3rus\u00e1t is az elm\u00falt 3 \u00e9vben sikeresen zeneileg fel\u00e9p\u00edtette \u00e9s vezette, f\u00fcggetlen, \u00faj zenei klubot\/ k\u00f3rust hoz l\u00e9tre els\u0151sorban jog\u00e1szoknak \u00e9s jogi egyetemist\u00e1knak. A zenei klub\/k\u00f3rus modern, nemzetk\u00f6zileg is j\u00f3l felismerhet\u0151 n\u00e9ven **Singing Lawyers Budapest** kezdi meg tev\u00e9kenys\u00e9g\u00e9t.<\/p>\t\t\t\t\t\t\t\t<\/div>\n\t\t\t\t<\/div>\n\t\t\t\t\t<\/div>\n\t\t<\/div>\n\t\t\t\t\t<\/div>\n\t\t<\/section>\n\t\t\t\t<section class=\"elementor-section elementor-top-section elementor-element elementor-element-3bca36a elementor-section-boxed elementor-section-height-default elementor-section-height-default\" data-id=\"3bca36a\" data-element_type=\"section\" data-e-type=\"section\" data-settings=\"{&quot;background_background&quot;:&quot;classic&quot;}\">\n\t\t\t\t\t\t\t<div class=\"elementor-background-overlay\"><\/div>\n\t\t\t\t\t\t\t<div class=\"elementor-container elementor-column-gap-default\">\n\t\t\t\t\t<div class=\"elementor-column elementor-col-100 elementor-top-column elementor-element elementor-element-f639ffd\" data-id=\"f639ffd\" data-element_type=\"column\" data-e-type=\"column\">\n\t\t\t<div class=\"elementor-widget-wrap elementor-element-populated\">\n\t\t\t\t\t\t<div class=\"elementor-element elementor-element-b52332f elementor-widget elementor-widget-text-editor\" data-id=\"b52332f\" data-element_type=\"widget\" data-e-type=\"widget\" data-widget_type=\"text-editor.default\">\n\t\t\t\t<div class=\"elementor-widget-container\">\n\t\t\t\t\t\t\t\t\t<p>The primary goal of the musical club\/choir is to build a quality community through the language of music, creating long-term friendships and professional relationships among practicing lawyers and law students through enjoyable rehearsals and performances. Another important aim is to achieve the highest possible level of choral sound and provide premium concert experiences for both members and the community through joyful music-making. The opportunity for musical development in this choir is open to everyone. The repertoire includes musical pieces suitable for choral performance with instrumental accompaniment, adapted for different genres, in line with the choir's capabilities. Everyone can find the most interesting music for themselves here!<\/p><p>A nyilv\u00e1nos k\u00f6z\u00f6ns\u00e9gnek 2025 els\u0151 fel\u00e9ben a Szent Istv\u00e1n Bazilik\u00e1ban tartand\u00f3 koncerten, Budapesten fogunk bemutatkozni. K\u00fclf\u00f6ld\u00f6n v\u00e1rhat\u00f3an B\u00e9csben l\u00e9p\u00fcnk fel el\u0151sz\u00f6r. Tov\u00e1bbi belf\u00f6ldi valamint k\u00fclf\u00f6ldi fell\u00e9p\u00e9sek egyed\u00fcl\u00e1ll\u00f3 felejthetetlen \u00e9lm\u00e9ny\u00e9t fogja ny\u00fajtani a zenei klub\/k\u00f3rus a k\u00f6vetkez\u0151 \u00e9vekben.<\/p><p>Ha hivat\u00e1sod mellett szeretsz \u00e9nekeleni, hangszereden j\u00e1tszani, j\u00f3 hangulatra, egyed\u00fcl\u00e1ll\u00f3 felejthetetlen min\u0151s\u00e9gi \u00e9lm\u00e9nyekre \u00e9s k\u00f6z\u00f6ss\u00e9gre v\u00e1gysz, r\u00e9gebben \u00e9nekelt\u00e9l, zen\u00e9lt\u00e9l,\u00a0 akkor ez a zenei klub, k\u00f3rus neked sz\u00f3l!<\/p><p>We warmly welcome you!<\/p>\t\t\t\t\t\t\t\t<\/div>\n\t\t\t\t<\/div>\n\t\t\t\t<div class=\"elementor-element elementor-element-d2d5872 elementor-widget elementor-widget-text-editor\" data-id=\"d2d5872\" data-element_type=\"widget\" data-e-type=\"widget\" data-widget_type=\"text-editor.default\">\n\t\t\t\t<div class=\"elementor-widget-container\">\n\t\t\t\t\t\t\t\t\t<p><em>The main supporter of the Singing Lawyers Budapest initiative is the <a href=\"https:\/\/www.lakatoskoves.hu\/\"><strong>Lakatos, K\u00f6ves and Partners Law Firm.<\/strong><\/a><\/em><\/p>\t\t\t\t\t\t\t\t<\/div>\n\t\t\t\t<\/div>\n\t\t\t\t<div class=\"elementor-element elementor-element-d719876 elementor-widget elementor-widget-button\" data-id=\"d719876\" data-element_type=\"widget\" data-e-type=\"widget\" data-widget_type=\"button.default\">\n\t\t\t\t<div class=\"elementor-widget-container\">\n\t\t\t\t\t\t\t\t\t<div class=\"elementor-button-wrapper\">\n\t\t\t\t\t<a class=\"elementor-button elementor-button-link elementor-size-sm\" href=\"https:\/\/forms.gle\/57vDWsKdbtLHYzsp7\">\n\t\t\t\t\t\t<span class=\"elementor-button-content-wrapper\">\n\t\t\t\t\t\t\t\t\t<span class=\"elementor-button-text\">Further information and registration<\/span>\n\t\t\t\t\t<\/span>\n\t\t\t\t\t<\/a>\n\t\t\t\t<\/div>\n\t\t\t\t\t\t\t\t<\/div>\n\t\t\t\t<\/div>\n\t\t\t\t\t<\/div>\n\t\t<\/div>\n\t\t\t\t\t<\/div>\n\t\t<\/section>\n\t\t\t\t<\/div>","protected":false},"excerpt":{"rendered":"<p>R\u00f3lunk \u00daj zenei klub \u00e9s k\u00f3rus jog\u00e1szoknak \u00e9s jogi egyetemist\u00e1knak Nyilv\u00e1nos bemutatkoz\u00e1s 2025-ben a Szent Istv\u00e1n Bazilik\u00e1ban Molitor \u00c9va m\u0171v\u00e9szeti vezet\u0151 , aki a Budapesti \u00dcgyv\u00e9di Kamara Pr\u00f3k\u00e1-Torok k\u00f3rus\u00e1t is az elm\u00falt 3 \u00e9vben sikeresen zeneileg fel\u00e9p\u00edtette \u00e9s vezette, f\u00fcggetlen, \u00faj zenei klubot\/ k\u00f3rust hoz l\u00e9tre els\u0151sorban jog\u00e1szoknak \u00e9s jogi egyetemist\u00e1knak. A zenei klub\/k\u00f3rus modern, [&hellip;]<\/p>","protected":false},"author":1,"featured_media":0,"parent":2176,"menu_order":0,"comment_status":"closed","ping_status":"closed","template":"","meta":{"footnotes":""},"class_list":["post-2620","page","type-page","status-publish","hentry"],"yoast_head":"<!-- This site is optimized with the Yoast SEO plugin v26.2 - https:\/\/yoast.com\/wordpress\/plugins\/seo\/ -->\n<title>R\u00f3lunk - Molitor Music School<\/title>\n<meta name=\"robots\" content=\"index, follow, max-snippet:-1, max-image-preview:large, max-video-preview:-1\" \/>\n<link rel=\"canonical\" href=\"https:\/\/molitormusicschool.hu\/en\/singing-lawyers\/about-us\/\" \/>\n<meta property=\"og:locale\" content=\"en_GB\" \/>\n<meta property=\"og:type\" content=\"article\" \/>\n<meta property=\"og:title\" content=\"R\u00f3lunk - Molitor Music School\" \/>\n<meta property=\"og:description\" content=\"R\u00f3lunk \u00daj zenei klub \u00e9s k\u00f3rus jog\u00e1szoknak \u00e9s jogi egyetemist\u00e1knak Nyilv\u00e1nos bemutatkoz\u00e1s 2025-ben a Szent Istv\u00e1n Bazilik\u00e1ban Molitor \u00c9va m\u0171v\u00e9szeti vezet\u0151 , aki a Budapesti \u00dcgyv\u00e9di Kamara Pr\u00f3k\u00e1-Torok k\u00f3rus\u00e1t is az elm\u00falt 3 \u00e9vben sikeresen zeneileg fel\u00e9p\u00edtette \u00e9s vezette, f\u00fcggetlen, \u00faj zenei klubot\/ k\u00f3rust hoz l\u00e9tre els\u0151sorban jog\u00e1szoknak \u00e9s jogi egyetemist\u00e1knak. A zenei klub\/k\u00f3rus modern, [&hellip;]\" \/>\n<meta property=\"og:url\" content=\"https:\/\/molitormusicschool.hu\/en\/singing-lawyers\/about-us\/\" \/>\n<meta property=\"og:site_name\" content=\"Molitor Music School\" \/>\n<meta property=\"article:publisher\" content=\"https:\/\/www.facebook.com\/groups\/541437979253461\" \/>\n<meta property=\"article:modified_time\" content=\"2025-08-05T09:21:19+00:00\" \/>\n<meta property=\"og:image\" content=\"https:\/\/molitormusicschool.hu\/wp-content\/uploads\/2024\/10\/church-tomoritett.jpg\" \/>\n\t<meta property=\"og:image:width\" content=\"960\" \/>\n\t<meta property=\"og:image:height\" content=\"640\" \/>\n\t<meta property=\"og:image:type\" content=\"image\/jpeg\" \/>\n<meta name=\"twitter:card\" content=\"summary_large_image\" \/>\n<meta name=\"twitter:label1\" content=\"Estimated reading time\" \/>\n\t<meta name=\"twitter:data1\" content=\"2 minutes\" \/>\n<script type=\"application\/ld+json\" class=\"yoast-schema-graph\">{\"@context\":\"https:\/\/schema.org\",\"@graph\":[{\"@type\":\"WebPage\",\"@id\":\"https:\/\/molitormusicschool.hu\/singing-lawyers\/rolunk\/\",\"url\":\"https:\/\/molitormusicschool.hu\/singing-lawyers\/rolunk\/\",\"name\":\"R\u00f3lunk - Molitor Music School\",\"isPartOf\":{\"@id\":\"https:\/\/molitormusicschool.hu\/#website\"},\"primaryImageOfPage\":{\"@id\":\"https:\/\/molitormusicschool.hu\/singing-lawyers\/rolunk\/#primaryimage\"},\"image\":{\"@id\":\"https:\/\/molitormusicschool.hu\/singing-lawyers\/rolunk\/#primaryimage\"},\"thumbnailUrl\":\"https:\/\/molitormusicschool.hu\/wp-content\/uploads\/2024\/10\/church-tomoritett.jpg\",\"datePublished\":\"2024-11-25T10:59:00+00:00\",\"dateModified\":\"2025-08-05T09:21:19+00:00\",\"breadcrumb\":{\"@id\":\"https:\/\/molitormusicschool.hu\/singing-lawyers\/rolunk\/#breadcrumb\"},\"inLanguage\":\"en-GB\",\"potentialAction\":[{\"@type\":\"ReadAction\",\"target\":[\"https:\/\/molitormusicschool.hu\/singing-lawyers\/rolunk\/\"]}]},{\"@type\":\"ImageObject\",\"inLanguage\":\"en-GB\",\"@id\":\"https:\/\/molitormusicschool.hu\/singing-lawyers\/rolunk\/#primaryimage\",\"url\":\"https:\/\/molitormusicschool.hu\/wp-content\/uploads\/2024\/10\/church-tomoritett.jpg\",\"contentUrl\":\"https:\/\/molitormusicschool.hu\/wp-content\/uploads\/2024\/10\/church-tomoritett.jpg\"},{\"@type\":\"BreadcrumbList\",\"@id\":\"https:\/\/molitormusicschool.hu\/singing-lawyers\/rolunk\/#breadcrumb\",\"itemListElement\":[{\"@type\":\"ListItem\",\"position\":1,\"name\":\"Kezd\u0151lap\",\"item\":\"https:\/\/molitormusicschool.hu\/\"},{\"@type\":\"ListItem\",\"position\":2,\"name\":\"Singing Lawyers\",\"item\":\"https:\/\/molitormusicschool.hu\/singing-lawyers\/\"},{\"@type\":\"ListItem\",\"position\":3,\"name\":\"R\u00f3lunk\"}]},{\"@type\":\"WebSite\",\"@id\":\"https:\/\/molitormusicschool.hu\/#website\",\"url\":\"https:\/\/molitormusicschool.hu\/\",\"name\":\"Molitor Music School\",\"description\":\"\",\"publisher\":{\"@id\":\"https:\/\/molitormusicschool.hu\/#organization\"},\"potentialAction\":[{\"@type\":\"SearchAction\",\"target\":{\"@type\":\"EntryPoint\",\"urlTemplate\":\"https:\/\/molitormusicschool.hu\/?s={search_term_string}\"},\"query-input\":{\"@type\":\"PropertyValueSpecification\",\"valueRequired\":true,\"valueName\":\"search_term_string\"}}],\"inLanguage\":\"en-GB\"},{\"@type\":\"Organization\",\"@id\":\"https:\/\/molitormusicschool.hu\/#organization\",\"name\":\"Molitor Music School K\u00f6zhaszn\u00fa Nonprofit Kft.\",\"url\":\"https:\/\/molitormusicschool.hu\/\",\"logo\":{\"@type\":\"ImageObject\",\"inLanguage\":\"en-GB\",\"@id\":\"https:\/\/molitormusicschool.hu\/#\/schema\/logo\/image\/\",\"url\":\"https:\/\/molitormusicschool.hu\/wp-content\/uploads\/2023\/01\/logo-feher.png\",\"contentUrl\":\"https:\/\/molitormusicschool.hu\/wp-content\/uploads\/2023\/01\/logo-feher.png\",\"width\":400,\"height\":184,\"caption\":\"Molitor Music School K\u00f6zhaszn\u00fa Nonprofit Kft.\"},\"image\":{\"@id\":\"https:\/\/molitormusicschool.hu\/#\/schema\/logo\/image\/\"},\"sameAs\":[\"https:\/\/www.facebook.com\/groups\/541437979253461\",\"https:\/\/www.youtube.com\/playlist?list=PLdzTrYmjJtrECyQAHnw-JG4l5ZYOqX0nM\"]}]}<\/script>\n<!-- \/ Yoast SEO plugin. -->","yoast_head_json":{"title":"About us - Molitor Music School","robots":{"index":"index","follow":"follow","max-snippet":"max-snippet:-1","max-image-preview":"max-image-preview:large","max-video-preview":"max-video-preview:-1"},"canonical":"https:\/\/molitormusicschool.hu\/en\/singing-lawyers\/about-us\/","og_locale":"en_GB","og_type":"article","og_title":"R\u00f3lunk - Molitor Music School","og_description":"R\u00f3lunk \u00daj zenei klub \u00e9s k\u00f3rus jog\u00e1szoknak \u00e9s jogi egyetemist\u00e1knak Nyilv\u00e1nos bemutatkoz\u00e1s 2025-ben a Szent Istv\u00e1n Bazilik\u00e1ban Molitor \u00c9va m\u0171v\u00e9szeti vezet\u0151 , aki a Budapesti \u00dcgyv\u00e9di Kamara Pr\u00f3k\u00e1-Torok k\u00f3rus\u00e1t is az elm\u00falt 3 \u00e9vben sikeresen zeneileg fel\u00e9p\u00edtette \u00e9s vezette, f\u00fcggetlen, \u00faj zenei klubot\/ k\u00f3rust hoz l\u00e9tre els\u0151sorban jog\u00e1szoknak \u00e9s jogi egyetemist\u00e1knak. A zenei klub\/k\u00f3rus modern, [&hellip;]","og_url":"https:\/\/molitormusicschool.hu\/en\/singing-lawyers\/about-us\/","og_site_name":"Molitor Music School","article_publisher":"https:\/\/www.facebook.com\/groups\/541437979253461","article_modified_time":"2025-08-05T09:21:19+00:00","og_image":[{"width":960,"height":640,"url":"https:\/\/molitormusicschool.hu\/wp-content\/uploads\/2024\/10\/church-tomoritett.jpg","type":"image\/jpeg"}],"twitter_card":"summary_large_image","twitter_misc":{"Estimated reading time":"2 minutes"},"schema":{"@context":"https:\/\/schema.org","@graph":[{"@type":"WebPage","@id":"https:\/\/molitormusicschool.hu\/singing-lawyers\/rolunk\/","url":"https:\/\/molitormusicschool.hu\/singing-lawyers\/rolunk\/","name":"About us - Molitor Music School","isPartOf":{"@id":"https:\/\/molitormusicschool.hu\/#website"},"primaryImageOfPage":{"@id":"https:\/\/molitormusicschool.hu\/singing-lawyers\/rolunk\/#primaryimage"},"image":{"@id":"https:\/\/molitormusicschool.hu\/singing-lawyers\/rolunk\/#primaryimage"},"thumbnailUrl":"https:\/\/molitormusicschool.hu\/wp-content\/uploads\/2024\/10\/church-tomoritett.jpg","datePublished":"2024-11-25T10:59:00+00:00","dateModified":"2025-08-05T09:21:19+00:00","breadcrumb":{"@id":"https:\/\/molitormusicschool.hu\/singing-lawyers\/rolunk\/#breadcrumb"},"inLanguage":"en-GB","potentialAction":[{"@type":"ReadAction","target":["https:\/\/molitormusicschool.hu\/singing-lawyers\/rolunk\/"]}]},{"@type":"ImageObject","inLanguage":"en-GB","@id":"https:\/\/molitormusicschool.hu\/singing-lawyers\/rolunk\/#primaryimage","url":"https:\/\/molitormusicschool.hu\/wp-content\/uploads\/2024\/10\/church-tomoritett.jpg","contentUrl":"https:\/\/molitormusicschool.hu\/wp-content\/uploads\/2024\/10\/church-tomoritett.jpg"},{"@type":"BreadcrumbList","@id":"https:\/\/molitormusicschool.hu\/singing-lawyers\/rolunk\/#breadcrumb","itemListElement":[{"@type":"ListItem","position":1,"name":"Kezd\u0151lap","item":"https:\/\/molitormusicschool.hu\/"},{"@type":"ListItem","position":2,"name":"Singing Lawyers","item":"https:\/\/molitormusicschool.hu\/singing-lawyers\/"},{"@type":"ListItem","position":3,"name":"R\u00f3lunk"}]},{"@type":"WebSite","@id":"https:\/\/molitormusicschool.hu\/#website","url":"https:\/\/molitormusicschool.hu\/","name":"Molitor Music School","description":"","publisher":{"@id":"https:\/\/molitormusicschool.hu\/#organization"},"potentialAction":[{"@type":"SearchAction","target":{"@type":"EntryPoint","urlTemplate":"https:\/\/molitormusicschool.hu\/?s={search_term_string}"},"query-input":{"@type":"PropertyValueSpecification","valueRequired":true,"valueName":"search_term_string"}}],"inLanguage":"en-GB"},{"@type":"Organization","@id":"https:\/\/molitormusicschool.hu\/#organization","name":"Molitor Music School K\u00f6zhaszn\u00fa Nonprofit Kft.","url":"https:\/\/molitormusicschool.hu\/","logo":{"@type":"ImageObject","inLanguage":"en-GB","@id":"https:\/\/molitormusicschool.hu\/#\/schema\/logo\/image\/","url":"https:\/\/molitormusicschool.hu\/wp-content\/uploads\/2023\/01\/logo-feher.png","contentUrl":"https:\/\/molitormusicschool.hu\/wp-content\/uploads\/2023\/01\/logo-feher.png","width":400,"height":184,"caption":"Molitor Music School K\u00f6zhaszn\u00fa Nonprofit Kft."},"image":{"@id":"https:\/\/molitormusicschool.hu\/#\/schema\/logo\/image\/"},"sameAs":["https:\/\/www.facebook.com\/groups\/541437979253461","https:\/\/www.youtube.com\/playlist?list=PLdzTrYmjJtrECyQAHnw-JG4l5ZYOqX0nM"]}]}},"_links":{"self":[{"href":"https:\/\/molitormusicschool.hu\/en\/wp-json\/wp\/v2\/pages\/2620","targetHints":{"allow":["GET"]}}],"collection":[{"href":"https:\/\/molitormusicschool.hu\/en\/wp-json\/wp\/v2\/pages"}],"about":[{"href":"https:\/\/molitormusicschool.hu\/en\/wp-json\/wp\/v2\/types\/page"}],"author":[{"embeddable":true,"href":"https:\/\/molitormusicschool.hu\/en\/wp-json\/wp\/v2\/users\/1"}],"replies":[{"embeddable":true,"href":"https:\/\/molitormusicschool.hu\/en\/wp-json\/wp\/v2\/comments?post=2620"}],"version-history":[{"count":22,"href":"https:\/\/molitormusicschool.hu\/en\/wp-json\/wp\/v2\/pages\/2620\/revisions"}],"predecessor-version":[{"id":3324,"href":"https:\/\/molitormusicschool.hu\/en\/wp-json\/wp\/v2\/pages\/2620\/revisions\/3324"}],"up":[{"embeddable":true,"href":"https:\/\/molitormusicschool.hu\/en\/wp-json\/wp\/v2\/pages\/2176"}],"wp:attachment":[{"href":"https:\/\/molitormusicschool.hu\/en\/wp-json\/wp\/v2\/media?parent=2620"}],"curies":[{"name":"wp","href":"https:\/\/api.w.org\/{rel}","templated":true}]}}