{"id":3079,"date":"2025-04-08T21:19:37","date_gmt":"2025-04-08T19:19:37","guid":{"rendered":"https:\/\/molitormusicschool.hu\/?page_id=3079"},"modified":"2025-07-18T15:00:04","modified_gmt":"2025-07-18T13:00:04","slug":"tihanyi-apatsag-koncert","status":"publish","type":"page","link":"https:\/\/molitormusicschool.hu\/en\/singing-lawyers\/tihanyi-apatsag-koncert\/","title":{"rendered":"Tihanyi Ap\u00e1ts\u00e1g koncert"},"content":{"rendered":"<div data-elementor-type=\"wp-page\" data-elementor-id=\"3079\" class=\"elementor elementor-3079\" data-elementor-post-type=\"page\">\n\t\t\t\t\t\t<section class=\"elementor-section elementor-top-section elementor-element elementor-element-ea66c23 elementor-section-height-min-height elementor-section-boxed elementor-section-height-default elementor-section-items-middle\" data-id=\"ea66c23\" data-element_type=\"section\" data-e-type=\"section\" data-settings=\"{&quot;background_background&quot;:&quot;classic&quot;,&quot;shape_divider_bottom&quot;:&quot;mountains&quot;}\">\n\t\t\t\t\t\t\t<div class=\"elementor-background-overlay\"><\/div>\n\t\t\t\t\t\t<div class=\"elementor-shape elementor-shape-bottom\" aria-hidden=\"true\" data-negative=\"false\">\n\t\t\t<svg xmlns=\"http:\/\/www.w3.org\/2000\/svg\" viewbox=\"0 0 1000 100\" preserveaspectratio=\"none\">\n\t<path class=\"elementor-shape-fill\" opacity=\"0.33\" d=\"M473,67.3c-203.9,88.3-263.1-34-320.3,0C66,119.1,0,59.7,0,59.7V0h1000v59.7 c0,0-62.1,26.1-94.9,29.3c-32.8,3.3-62.8-12.3-75.8-22.1C806,49.6,745.3,8.7,694.9,4.7S492.4,59,473,67.3z\"\/>\n\t<path class=\"elementor-shape-fill\" opacity=\"0.66\" d=\"M734,67.3c-45.5,0-77.2-23.2-129.1-39.1c-28.6-8.7-150.3-10.1-254,39.1 s-91.7-34.4-149.2,0C115.7,118.3,0,39.8,0,39.8V0h1000v36.5c0,0-28.2-18.5-92.1-18.5C810.2,18.1,775.7,67.3,734,67.3z\"\/>\n\t<path class=\"elementor-shape-fill\" d=\"M766.1,28.9c-200-57.5-266,65.5-395.1,19.5C242,1.8,242,5.4,184.8,20.6C128,35.8,132.3,44.9,89.9,52.5C28.6,63.7,0,0,0,0 h1000c0,0-9.9,40.9-83.6,48.1S829.6,47,766.1,28.9z\"\/>\n<\/svg>\t\t<\/div>\n\t\t\t\t\t<div class=\"elementor-container elementor-column-gap-default\">\n\t\t\t\t\t<div class=\"elementor-column elementor-col-100 elementor-top-column elementor-element elementor-element-65307a7\" data-id=\"65307a7\" data-element_type=\"column\" data-e-type=\"column\">\n\t\t\t<div class=\"elementor-widget-wrap elementor-element-populated\">\n\t\t\t\t\t\t<div class=\"elementor-element elementor-element-a5829e5 elementor-widget elementor-widget-heading\" data-id=\"a5829e5\" data-element_type=\"widget\" data-e-type=\"widget\" data-widget_type=\"heading.default\">\n\t\t\t\t<div class=\"elementor-widget-container\">\n\t\t\t\t\t<h2 class=\"elementor-heading-title elementor-size-default\">Tihanyi Ap\u00e1ts\u00e1g koncert<\/h2>\t\t\t\t<\/div>\n\t\t\t\t<\/div>\n\t\t\t\t\t<\/div>\n\t\t<\/div>\n\t\t\t\t\t<\/div>\n\t\t<\/section>\n\t\t\t\t<section class=\"elementor-section elementor-top-section elementor-element elementor-element-463bd27 elementor-section-boxed elementor-section-height-default elementor-section-height-default\" data-id=\"463bd27\" data-element_type=\"section\" data-e-type=\"section\">\n\t\t\t\t\t\t<div class=\"elementor-container elementor-column-gap-default\">\n\t\t\t\t\t<div class=\"elementor-column elementor-col-100 elementor-top-column elementor-element elementor-element-5b40b38\" data-id=\"5b40b38\" data-element_type=\"column\" data-e-type=\"column\">\n\t\t\t<div class=\"elementor-widget-wrap elementor-element-populated\">\n\t\t\t\t\t\t<div class=\"elementor-element elementor-element-fae18dc elementor-widget elementor-widget-heading\" data-id=\"fae18dc\" data-element_type=\"widget\" data-e-type=\"widget\" data-widget_type=\"heading.default\">\n\t\t\t\t<div class=\"elementor-widget-container\">\n\t\t\t\t\t<h3 class=\"elementor-heading-title elementor-size-default\">2025. j\u00falius 21. 19:30<\/h3>\t\t\t\t<\/div>\n\t\t\t\t<\/div>\n\t\t\t\t<div class=\"elementor-element elementor-element-ba69f6e elementor-widget elementor-widget-text-editor\" data-id=\"ba69f6e\" data-element_type=\"widget\" data-e-type=\"widget\" data-widget_type=\"text-editor.default\">\n\t\t\t\t<div class=\"elementor-widget-container\">\n\t\t\t\t\t\t\t\t\t<p>Tihanyi Benc\u00e9s Ap\u00e1ts\u00e1gi Templom<\/p>\t\t\t\t\t\t\t\t<\/div>\n\t\t\t\t<\/div>\n\t\t\t\t<div class=\"elementor-element elementor-element-142f0a6 elementor-widget elementor-widget-text-editor\" data-id=\"142f0a6\" data-element_type=\"widget\" data-e-type=\"widget\" data-widget_type=\"text-editor.default\">\n\t\t\t\t<div class=\"elementor-widget-container\">\n\t\t\t\t\t\t\t\t\t<p>Fell\u00e9p a <a href=\"https:\/\/molitormusicschool.hu\/en\/singing-lawyers\/\"><strong>Singing Lawyers Budapest<\/strong><\/a> k\u00f3rusa \u00e9s zenekara<\/p><p>M\u0171soron: klasszikus, modern, popul\u00e1ris, gospel k\u00f3rus \u00e9s sz\u00f3l\u00f3 zenem\u0171vek<\/p><p>M\u0171v\u00e9szeti vezet\u0151: <a href=\"https:\/\/molitormusicschool.hu\/en\/molitor-eva\/\"><strong>\u00c9va Molitor<\/strong><\/a><\/p>\t\t\t\t\t\t\t\t<\/div>\n\t\t\t\t<\/div>\n\t\t\t\t<div class=\"elementor-element elementor-element-6deaad9 elementor-align-center elementor-widget elementor-widget-button\" data-id=\"6deaad9\" data-element_type=\"widget\" data-e-type=\"widget\" data-widget_type=\"button.default\">\n\t\t\t\t<div class=\"elementor-widget-container\">\n\t\t\t\t\t\t\t\t\t<div class=\"elementor-button-wrapper\">\n\t\t\t\t\t<a class=\"elementor-button elementor-button-link elementor-size-sm\" href=\"https:\/\/whitelabel.skiplin.hu\/hu?id=f1c329fc-bd58-4d02-9180-7baca9db1242&#038;default=dd3eae63-22dc-40ee-a5ea-f5da2751f72b&#038;fbclid=IwY2xjawKPDidleHRuA2FlbQIxMABicmlkETB4N1JseHRCM0hoQWU4RDJjAR5T5BM9SFODqIhMEYyO63EHF_dzb0rSFr8r9LA_jEhN7QHKqT0vbnpGDNCH_Q_aem_4x7pQ9Vi8mNOOjL1MMcWLw\">\n\t\t\t\t\t\t<span class=\"elementor-button-content-wrapper\">\n\t\t\t\t\t\t\t\t\t<span class=\"elementor-button-text\">Jegyv\u00e1s\u00e1rl\u00e1s<\/span>\n\t\t\t\t\t<\/span>\n\t\t\t\t\t<\/a>\n\t\t\t\t<\/div>\n\t\t\t\t\t\t\t\t<\/div>\n\t\t\t\t<\/div>\n\t\t\t\t\t<\/div>\n\t\t<\/div>\n\t\t\t\t\t<\/div>\n\t\t<\/section>\n\t\t\t\t<\/div>","protected":false},"excerpt":{"rendered":"<p>Tihanyi Ap\u00e1ts\u00e1g koncert 2025. j\u00falius 21. 19:30 Tihanyi Benc\u00e9s Ap\u00e1ts\u00e1gi Templom Fell\u00e9p a Singing Lawyers Budapest k\u00f3rusa \u00e9s zenekara M\u0171soron: klasszikus, modern, popul\u00e1ris, gospel k\u00f3rus \u00e9s sz\u00f3l\u00f3 zenem\u0171vek M\u0171v\u00e9szeti vezet\u0151: Molitor \u00c9va Jegyv\u00e1s\u00e1rl\u00e1s<\/p>","protected":false},"author":1,"featured_media":0,"parent":2176,"menu_order":0,"comment_status":"closed","ping_status":"closed","template":"","meta":{"footnotes":""},"class_list":["post-3079","page","type-page","status-publish","hentry"],"yoast_head":"<!-- This site is optimized with the Yoast SEO plugin v26.2 - https:\/\/yoast.com\/wordpress\/plugins\/seo\/ -->\n<title>Tihanyi Ap\u00e1ts\u00e1g koncert - Molitor Music School<\/title>\n<meta name=\"robots\" content=\"index, follow, max-snippet:-1, max-image-preview:large, max-video-preview:-1\" \/>\n<link rel=\"canonical\" href=\"https:\/\/molitormusicschool.hu\/en\/singing-lawyers\/tihanyi-apatsag-koncert\/\" \/>\n<meta property=\"og:locale\" content=\"en_GB\" \/>\n<meta property=\"og:type\" content=\"article\" \/>\n<meta property=\"og:title\" content=\"Tihanyi Ap\u00e1ts\u00e1g koncert - Molitor Music School\" \/>\n<meta property=\"og:description\" content=\"Tihanyi Ap\u00e1ts\u00e1g koncert 2025. j\u00falius 21. 19:30 Tihanyi Benc\u00e9s Ap\u00e1ts\u00e1gi Templom Fell\u00e9p a Singing Lawyers Budapest k\u00f3rusa \u00e9s zenekara M\u0171soron: klasszikus, modern, popul\u00e1ris, gospel k\u00f3rus \u00e9s sz\u00f3l\u00f3 zenem\u0171vek M\u0171v\u00e9szeti vezet\u0151: Molitor \u00c9va Jegyv\u00e1s\u00e1rl\u00e1s\" \/>\n<meta property=\"og:url\" content=\"https:\/\/molitormusicschool.hu\/en\/singing-lawyers\/tihanyi-apatsag-koncert\/\" \/>\n<meta property=\"og:site_name\" content=\"Molitor Music School\" \/>\n<meta property=\"article:publisher\" content=\"https:\/\/www.facebook.com\/groups\/541437979253461\" \/>\n<meta property=\"article:modified_time\" content=\"2025-07-18T13:00:04+00:00\" \/>\n<meta name=\"twitter:card\" content=\"summary_large_image\" \/>\n<meta name=\"twitter:label1\" content=\"Estimated reading time\" \/>\n\t<meta name=\"twitter:data1\" content=\"1 minute\" \/>\n<script type=\"application\/ld+json\" class=\"yoast-schema-graph\">{\"@context\":\"https:\/\/schema.org\",\"@graph\":[{\"@type\":\"WebPage\",\"@id\":\"https:\/\/molitormusicschool.hu\/singing-lawyers\/tihanyi-apatsag-koncert\/\",\"url\":\"https:\/\/molitormusicschool.hu\/singing-lawyers\/tihanyi-apatsag-koncert\/\",\"name\":\"Tihanyi Ap\u00e1ts\u00e1g koncert - Molitor Music School\",\"isPartOf\":{\"@id\":\"https:\/\/molitormusicschool.hu\/#website\"},\"datePublished\":\"2025-04-08T19:19:37+00:00\",\"dateModified\":\"2025-07-18T13:00:04+00:00\",\"breadcrumb\":{\"@id\":\"https:\/\/molitormusicschool.hu\/singing-lawyers\/tihanyi-apatsag-koncert\/#breadcrumb\"},\"inLanguage\":\"en-GB\",\"potentialAction\":[{\"@type\":\"ReadAction\",\"target\":[\"https:\/\/molitormusicschool.hu\/singing-lawyers\/tihanyi-apatsag-koncert\/\"]}]},{\"@type\":\"BreadcrumbList\",\"@id\":\"https:\/\/molitormusicschool.hu\/singing-lawyers\/tihanyi-apatsag-koncert\/#breadcrumb\",\"itemListElement\":[{\"@type\":\"ListItem\",\"position\":1,\"name\":\"Kezd\u0151lap\",\"item\":\"https:\/\/molitormusicschool.hu\/\"},{\"@type\":\"ListItem\",\"position\":2,\"name\":\"Singing Lawyers\",\"item\":\"https:\/\/molitormusicschool.hu\/singing-lawyers\/\"},{\"@type\":\"ListItem\",\"position\":3,\"name\":\"Tihanyi Ap\u00e1ts\u00e1g koncert\"}]},{\"@type\":\"WebSite\",\"@id\":\"https:\/\/molitormusicschool.hu\/#website\",\"url\":\"https:\/\/molitormusicschool.hu\/\",\"name\":\"Molitor Music School\",\"description\":\"\",\"publisher\":{\"@id\":\"https:\/\/molitormusicschool.hu\/#organization\"},\"potentialAction\":[{\"@type\":\"SearchAction\",\"target\":{\"@type\":\"EntryPoint\",\"urlTemplate\":\"https:\/\/molitormusicschool.hu\/?s={search_term_string}\"},\"query-input\":{\"@type\":\"PropertyValueSpecification\",\"valueRequired\":true,\"valueName\":\"search_term_string\"}}],\"inLanguage\":\"en-GB\"},{\"@type\":\"Organization\",\"@id\":\"https:\/\/molitormusicschool.hu\/#organization\",\"name\":\"Molitor Music School K\u00f6zhaszn\u00fa Nonprofit Kft.\",\"url\":\"https:\/\/molitormusicschool.hu\/\",\"logo\":{\"@type\":\"ImageObject\",\"inLanguage\":\"en-GB\",\"@id\":\"https:\/\/molitormusicschool.hu\/#\/schema\/logo\/image\/\",\"url\":\"https:\/\/molitormusicschool.hu\/wp-content\/uploads\/2023\/01\/logo-feher.png\",\"contentUrl\":\"https:\/\/molitormusicschool.hu\/wp-content\/uploads\/2023\/01\/logo-feher.png\",\"width\":400,\"height\":184,\"caption\":\"Molitor Music School K\u00f6zhaszn\u00fa Nonprofit Kft.\"},\"image\":{\"@id\":\"https:\/\/molitormusicschool.hu\/#\/schema\/logo\/image\/\"},\"sameAs\":[\"https:\/\/www.facebook.com\/groups\/541437979253461\",\"https:\/\/www.youtube.com\/playlist?list=PLdzTrYmjJtrECyQAHnw-JG4l5ZYOqX0nM\"]}]}<\/script>\n<!-- \/ Yoast SEO plugin. -->","yoast_head_json":{"title":"Tihanyi Ap\u00e1ts\u00e1g koncert - Molitor Music School","robots":{"index":"index","follow":"follow","max-snippet":"max-snippet:-1","max-image-preview":"max-image-preview:large","max-video-preview":"max-video-preview:-1"},"canonical":"https:\/\/molitormusicschool.hu\/en\/singing-lawyers\/tihanyi-apatsag-koncert\/","og_locale":"en_GB","og_type":"article","og_title":"Tihanyi Ap\u00e1ts\u00e1g koncert - Molitor Music School","og_description":"Tihanyi Ap\u00e1ts\u00e1g koncert 2025. j\u00falius 21. 19:30 Tihanyi Benc\u00e9s Ap\u00e1ts\u00e1gi Templom Fell\u00e9p a Singing Lawyers Budapest k\u00f3rusa \u00e9s zenekara M\u0171soron: klasszikus, modern, popul\u00e1ris, gospel k\u00f3rus \u00e9s sz\u00f3l\u00f3 zenem\u0171vek M\u0171v\u00e9szeti vezet\u0151: Molitor \u00c9va Jegyv\u00e1s\u00e1rl\u00e1s","og_url":"https:\/\/molitormusicschool.hu\/en\/singing-lawyers\/tihanyi-apatsag-koncert\/","og_site_name":"Molitor Music School","article_publisher":"https:\/\/www.facebook.com\/groups\/541437979253461","article_modified_time":"2025-07-18T13:00:04+00:00","twitter_card":"summary_large_image","twitter_misc":{"Estimated reading time":"1 minute"},"schema":{"@context":"https:\/\/schema.org","@graph":[{"@type":"WebPage","@id":"https:\/\/molitormusicschool.hu\/singing-lawyers\/tihanyi-apatsag-koncert\/","url":"https:\/\/molitormusicschool.hu\/singing-lawyers\/tihanyi-apatsag-koncert\/","name":"Tihanyi Ap\u00e1ts\u00e1g koncert - Molitor Music School","isPartOf":{"@id":"https:\/\/molitormusicschool.hu\/#website"},"datePublished":"2025-04-08T19:19:37+00:00","dateModified":"2025-07-18T13:00:04+00:00","breadcrumb":{"@id":"https:\/\/molitormusicschool.hu\/singing-lawyers\/tihanyi-apatsag-koncert\/#breadcrumb"},"inLanguage":"en-GB","potentialAction":[{"@type":"ReadAction","target":["https:\/\/molitormusicschool.hu\/singing-lawyers\/tihanyi-apatsag-koncert\/"]}]},{"@type":"BreadcrumbList","@id":"https:\/\/molitormusicschool.hu\/singing-lawyers\/tihanyi-apatsag-koncert\/#breadcrumb","itemListElement":[{"@type":"ListItem","position":1,"name":"Kezd\u0151lap","item":"https:\/\/molitormusicschool.hu\/"},{"@type":"ListItem","position":2,"name":"Singing Lawyers","item":"https:\/\/molitormusicschool.hu\/singing-lawyers\/"},{"@type":"ListItem","position":3,"name":"Tihanyi Ap\u00e1ts\u00e1g koncert"}]},{"@type":"WebSite","@id":"https:\/\/molitormusicschool.hu\/#website","url":"https:\/\/molitormusicschool.hu\/","name":"Molitor Music School","description":"","publisher":{"@id":"https:\/\/molitormusicschool.hu\/#organization"},"potentialAction":[{"@type":"SearchAction","target":{"@type":"EntryPoint","urlTemplate":"https:\/\/molitormusicschool.hu\/?s={search_term_string}"},"query-input":{"@type":"PropertyValueSpecification","valueRequired":true,"valueName":"search_term_string"}}],"inLanguage":"en-GB"},{"@type":"Organization","@id":"https:\/\/molitormusicschool.hu\/#organization","name":"Molitor Music School K\u00f6zhaszn\u00fa Nonprofit Kft.","url":"https:\/\/molitormusicschool.hu\/","logo":{"@type":"ImageObject","inLanguage":"en-GB","@id":"https:\/\/molitormusicschool.hu\/#\/schema\/logo\/image\/","url":"https:\/\/molitormusicschool.hu\/wp-content\/uploads\/2023\/01\/logo-feher.png","contentUrl":"https:\/\/molitormusicschool.hu\/wp-content\/uploads\/2023\/01\/logo-feher.png","width":400,"height":184,"caption":"Molitor Music School K\u00f6zhaszn\u00fa Nonprofit Kft."},"image":{"@id":"https:\/\/molitormusicschool.hu\/#\/schema\/logo\/image\/"},"sameAs":["https:\/\/www.facebook.com\/groups\/541437979253461","https:\/\/www.youtube.com\/playlist?list=PLdzTrYmjJtrECyQAHnw-JG4l5ZYOqX0nM"]}]}},"_links":{"self":[{"href":"https:\/\/molitormusicschool.hu\/en\/wp-json\/wp\/v2\/pages\/3079","targetHints":{"allow":["GET"]}}],"collection":[{"href":"https:\/\/molitormusicschool.hu\/en\/wp-json\/wp\/v2\/pages"}],"about":[{"href":"https:\/\/molitormusicschool.hu\/en\/wp-json\/wp\/v2\/types\/page"}],"author":[{"embeddable":true,"href":"https:\/\/molitormusicschool.hu\/en\/wp-json\/wp\/v2\/users\/1"}],"replies":[{"embeddable":true,"href":"https:\/\/molitormusicschool.hu\/en\/wp-json\/wp\/v2\/comments?post=3079"}],"version-history":[{"count":40,"href":"https:\/\/molitormusicschool.hu\/en\/wp-json\/wp\/v2\/pages\/3079\/revisions"}],"predecessor-version":[{"id":3279,"href":"https:\/\/molitormusicschool.hu\/en\/wp-json\/wp\/v2\/pages\/3079\/revisions\/3279"}],"up":[{"embeddable":true,"href":"https:\/\/molitormusicschool.hu\/en\/wp-json\/wp\/v2\/pages\/2176"}],"wp:attachment":[{"href":"https:\/\/molitormusicschool.hu\/en\/wp-json\/wp\/v2\/media?parent=3079"}],"curies":[{"name":"wp","href":"https:\/\/api.w.org\/{rel}","templated":true}]}}